{"id":11637,"date":"2022-03-15T09:29:00","date_gmt":"2022-03-15T08:29:00","guid":{"rendered":"https:\/\/gruppo-happy.it\/barrier\/"},"modified":"2023-12-29T17:27:23","modified_gmt":"2023-12-29T16:27:23","slug":"barrier","status":"publish","type":"page","link":"https:\/\/gruppo-happy.it\/de\/barrier\/","title":{"rendered":"Barrier +"},"content":{"rendered":"\t\t<div data-elementor-type=\"wp-page\" data-elementor-id=\"11637\" class=\"elementor elementor-11637 elementor-53\" data-elementor-post-type=\"page\">\n\t\t\t\t\t\t<section class=\"elementor-section elementor-top-section elementor-element elementor-element-40cec90d elementor-section-height-min-height elementor-section-boxed elementor-section-height-default elementor-section-items-middle\" data-id=\"40cec90d\" data-element_type=\"section\" data-e-type=\"section\" data-settings=\"{&quot;background_background&quot;:&quot;classic&quot;}\">\n\t\t\t\t\t\t\t<div class=\"elementor-background-overlay\"><\/div>\n\t\t\t\t\t\t\t<div class=\"elementor-container elementor-column-gap-default\">\n\t\t\t\t\t<div class=\"elementor-column elementor-col-50 elementor-top-column elementor-element elementor-element-3c5e578e\" data-id=\"3c5e578e\" data-element_type=\"column\" data-e-type=\"column\">\n\t\t\t<div class=\"elementor-widget-wrap elementor-element-populated\">\n\t\t\t\t\t\t<div class=\"elementor-element elementor-element-4c5c96ee elementor-widget elementor-widget-image\" data-id=\"4c5c96ee\" data-element_type=\"widget\" data-e-type=\"widget\" data-widget_type=\"image.default\">\n\t\t\t\t<div class=\"elementor-widget-container\">\n\t\t\t\t\t\t\t\t\t\t\t\t\t\t\t<img fetchpriority=\"high\" decoding=\"async\" width=\"400\" height=\"183\" src=\"https:\/\/gruppo-happy.it\/wp-content\/uploads\/2022\/03\/barrier_plus_logo_white.png\" class=\"attachment-large size-large wp-image-10667\" alt=\"\" srcset=\"https:\/\/gruppo-happy.it\/wp-content\/uploads\/2022\/03\/barrier_plus_logo_white.png 400w, https:\/\/gruppo-happy.it\/wp-content\/uploads\/2022\/03\/barrier_plus_logo_white-300x137.png 300w\" sizes=\"(max-width: 400px) 100vw, 400px\" title=\"barrier_plus_logo_white | Gruppo Happy\" \/>\t\t\t\t\t\t\t\t\t\t\t\t\t\t\t<\/div>\n\t\t\t\t<\/div>\n\t\t\t\t<div class=\"elementor-element elementor-element-7fe9631d elementor-widget elementor-widget-heading\" data-id=\"7fe9631d\" data-element_type=\"widget\" data-e-type=\"widget\" data-widget_type=\"heading.default\">\n\t\t\t\t<div class=\"elementor-widget-container\">\n\t\t\t\t\t<h1 class=\"elementor-heading-title elementor-size-default\">Eine innovative Verpackung, bestehend aus 85 % reiner Zellulose aus zyklisch nachwachsenden W\u00e4ldern (FSC-Zertifiziert). Diese Schalengeneration eignet sich u.a. auch f\u00fcr den Einsatz von Schutzgasen (MAP-Anwendungen)<\/h1>\t\t\t\t<\/div>\n\t\t\t\t<\/div>\n\t\t\t\t\t<\/div>\n\t\t<\/div>\n\t\t\t\t<div class=\"elementor-column elementor-col-50 elementor-top-column elementor-element elementor-element-464b885c\" data-id=\"464b885c\" data-element_type=\"column\" data-e-type=\"column\">\n\t\t\t<div class=\"elementor-widget-wrap\">\n\t\t\t\t\t\t\t<\/div>\n\t\t<\/div>\n\t\t\t\t\t<\/div>\n\t\t<\/section>\n\t\t\t\t<section class=\"elementor-section elementor-top-section elementor-element elementor-element-6e44f6c7 elementor-section-full_width elementor-reverse-mobile elementor-section-height-default elementor-section-height-default\" data-id=\"6e44f6c7\" data-element_type=\"section\" data-e-type=\"section\">\n\t\t\t\t\t\t<div class=\"elementor-container elementor-column-gap-default\">\n\t\t\t\t\t<div class=\"elementor-column elementor-col-50 elementor-top-column elementor-element elementor-element-754186cf\" data-id=\"754186cf\" data-element_type=\"column\" data-e-type=\"column\" data-settings=\"{&quot;background_background&quot;:&quot;classic&quot;}\">\n\t\t\t<div class=\"elementor-widget-wrap elementor-element-populated\">\n\t\t\t\t\t\t<section class=\"elementor-section elementor-inner-section elementor-element elementor-element-6455d66a elementor-section-height-min-height elementor-section-boxed elementor-section-height-default\" data-id=\"6455d66a\" data-element_type=\"section\" data-e-type=\"section\">\n\t\t\t\t\t\t<div class=\"elementor-container elementor-column-gap-default\">\n\t\t\t\t\t<div class=\"elementor-column elementor-col-50 elementor-inner-column elementor-element elementor-element-691051d4\" data-id=\"691051d4\" data-element_type=\"column\" data-e-type=\"column\">\n\t\t\t<div class=\"elementor-widget-wrap\">\n\t\t\t\t\t\t\t<\/div>\n\t\t<\/div>\n\t\t\t\t<div class=\"elementor-column elementor-col-50 elementor-inner-column elementor-element elementor-element-764c1e97\" data-id=\"764c1e97\" data-element_type=\"column\" data-e-type=\"column\">\n\t\t\t<div class=\"elementor-widget-wrap\">\n\t\t\t\t\t\t\t<\/div>\n\t\t<\/div>\n\t\t\t\t\t<\/div>\n\t\t<\/section>\n\t\t\t\t\t<\/div>\n\t\t<\/div>\n\t\t\t\t<div class=\"elementor-column elementor-col-50 elementor-top-column elementor-element elementor-element-2cfa7dab\" data-id=\"2cfa7dab\" data-element_type=\"column\" data-e-type=\"column\" data-settings=\"{&quot;background_background&quot;:&quot;gradient&quot;}\">\n\t\t\t<div class=\"elementor-widget-wrap elementor-element-populated\">\n\t\t\t\t\t\t<div class=\"elementor-element elementor-element-679a97fa elementor-widget elementor-widget-heading\" data-id=\"679a97fa\" data-element_type=\"widget\" data-e-type=\"widget\" data-widget_type=\"heading.default\">\n\t\t\t\t<div class=\"elementor-widget-container\">\n\t\t\t\t\t<h2 class=\"elementor-heading-title elementor-size-default\">Aufgrund der Vielseitigkeit ihrer Anwendung kann sie ohne &Auml;nderung der Versiegelungsformen auf Verpackungslinien verwendet werden<\/h2>\t\t\t\t<\/div>\n\t\t\t\t<\/div>\n\t\t\t\t\t<\/div>\n\t\t<\/div>\n\t\t\t\t\t<\/div>\n\t\t<\/section>\n\t\t\t\t<section class=\"elementor-section elementor-top-section elementor-element elementor-element-5e38284c elementor-section-height-min-height elementor-section-boxed elementor-section-height-default elementor-section-items-middle\" data-id=\"5e38284c\" data-element_type=\"section\" data-e-type=\"section\">\n\t\t\t\t\t\t<div class=\"elementor-container elementor-column-gap-default\">\n\t\t\t\t\t<div class=\"elementor-column elementor-col-100 elementor-top-column elementor-element elementor-element-6ab923e6\" data-id=\"6ab923e6\" data-element_type=\"column\" data-e-type=\"column\">\n\t\t\t<div class=\"elementor-widget-wrap elementor-element-populated\">\n\t\t\t\t\t\t<div class=\"elementor-element elementor-element-2bd6068a elementor-widget elementor-widget-text-editor\" data-id=\"2bd6068a\" data-element_type=\"widget\" data-e-type=\"widget\" data-widget_type=\"text-editor.default\">\n\t\t\t\t<div class=\"elementor-widget-container\">\n\t\t\t\t\t\t\t\t\t<p class=\"p2\">Durch die verst\u00e4rkte Struktur der Schale und des Schalenrandes, wird eine erheblich <strong>verbesserte Stabilit\u00e4t<\/strong> generiert, welche eine <strong>sehr gute Handhabe s\u00e4mtlicher Produktionsprozesse erlaubt<\/strong>.<br \/><br \/>Weiter <strong>sch\u00fctzt die eigentliche Schalenstruktur das Lebensmittel<\/strong> ab dem Moment des Verpackens bis hin zum letztendlichen Verzehr.<br \/>Die einzelnen Verpackungen lassen sich im bef\u00fcllten Zustand hervorragend \u00fcbereinanderstapeln.<\/p><p>Barrier+ Schalen <strong>k\u00f6nnen in verschiedenen Farbt\u00f6nen hergestellt werden<\/strong>, auch Individualdrucke wie Firmenlogos oder Rezepte sind auf Kundenwunsch m\u00f6glich.<br \/>Die Zellulose-Schalen werden im <strong>Flexodruck- Verfahren<\/strong> mit wasserbasierten Farben bedruckt, sind hitzebest\u00e4ndig und zertifiziert.<\/p>\t\t\t\t\t\t\t\t<\/div>\n\t\t\t\t<\/div>\n\t\t\t\t\t<\/div>\n\t\t<\/div>\n\t\t\t\t\t<\/div>\n\t\t<\/section>\n\t\t\t\t<section class=\"elementor-section elementor-top-section elementor-element elementor-element-296c112 elementor-section-full_width elementor-section-height-default elementor-section-height-default\" data-id=\"296c112\" data-element_type=\"section\" data-e-type=\"section\">\n\t\t\t\t\t\t<div class=\"elementor-container elementor-column-gap-default\">\n\t\t\t\t\t<div class=\"elementor-column elementor-col-100 elementor-top-column elementor-element elementor-element-83c1d3d\" data-id=\"83c1d3d\" data-element_type=\"column\" data-e-type=\"column\">\n\t\t\t<div class=\"elementor-widget-wrap elementor-element-populated\">\n\t\t\t\t\t\t<div class=\"elementor-element elementor-element-f281e96 elementor-widget elementor-widget-image\" data-id=\"f281e96\" data-element_type=\"widget\" data-e-type=\"widget\" data-widget_type=\"image.default\">\n\t\t\t\t<div class=\"elementor-widget-container\">\n\t\t\t\t\t\t\t\t\t\t\t\t\t\t\t<img decoding=\"async\" width=\"800\" height=\"400\" src=\"https:\/\/gruppo-happy.it\/wp-content\/uploads\/2022\/05\/2custom_2-1-1024x512.jpg\" class=\"attachment-large size-large wp-image-10935\" alt=\"\" srcset=\"https:\/\/gruppo-happy.it\/wp-content\/uploads\/2022\/05\/2custom_2-1-1024x512.jpg 1024w, https:\/\/gruppo-happy.it\/wp-content\/uploads\/2022\/05\/2custom_2-1-300x150.jpg 300w, https:\/\/gruppo-happy.it\/wp-content\/uploads\/2022\/05\/2custom_2-1-768x384.jpg 768w, https:\/\/gruppo-happy.it\/wp-content\/uploads\/2022\/05\/2custom_2-1.jpg 1400w\" sizes=\"(max-width: 800px) 100vw, 800px\" title=\"2custom_2 | Gruppo Happy\" \/>\t\t\t\t\t\t\t\t\t\t\t\t\t\t\t<\/div>\n\t\t\t\t<\/div>\n\t\t\t\t\t<\/div>\n\t\t<\/div>\n\t\t\t\t\t<\/div>\n\t\t<\/section>\n\t\t\t\t<section class=\"elementor-section elementor-top-section elementor-element elementor-element-5d37a1d elementor-reverse-tablet elementor-reverse-mobile elementor-section-boxed elementor-section-height-default elementor-section-height-default\" data-id=\"5d37a1d\" data-element_type=\"section\" data-e-type=\"section\" data-settings=\"{&quot;background_background&quot;:&quot;classic&quot;}\">\n\t\t\t\t\t\t<div class=\"elementor-container elementor-column-gap-default\">\n\t\t\t\t\t<div class=\"elementor-column elementor-col-50 elementor-top-column elementor-element elementor-element-d80fc6f\" data-id=\"d80fc6f\" data-element_type=\"column\" data-e-type=\"column\">\n\t\t\t<div class=\"elementor-widget-wrap elementor-element-populated\">\n\t\t\t\t\t\t<section class=\"elementor-section elementor-inner-section elementor-element elementor-element-b847047 elementor-section-boxed elementor-section-height-default elementor-section-height-default\" data-id=\"b847047\" data-element_type=\"section\" data-e-type=\"section\">\n\t\t\t\t\t\t<div class=\"elementor-container elementor-column-gap-default\">\n\t\t\t\t\t<div class=\"elementor-column elementor-col-100 elementor-inner-column elementor-element elementor-element-1ce4e4f\" data-id=\"1ce4e4f\" data-element_type=\"column\" data-e-type=\"column\">\n\t\t\t<div class=\"elementor-widget-wrap elementor-element-populated\">\n\t\t\t\t\t\t<div class=\"elementor-element elementor-element-e8aaec9 elementor-widget elementor-widget-heading\" data-id=\"e8aaec9\" data-element_type=\"widget\" data-e-type=\"widget\" data-widget_type=\"heading.default\">\n\t\t\t\t<div class=\"elementor-widget-container\">\n\t\t\t\t\t<h2 class=\"elementor-heading-title elementor-size-default\">Warum sollten Sie eine Barrier+ Schale w\u00e4hlen?<\/h2>\t\t\t\t<\/div>\n\t\t\t\t<\/div>\n\t\t\t\t<div class=\"elementor-element elementor-element-91cff8c elementor-widget elementor-widget-text-editor\" data-id=\"91cff8c\" data-element_type=\"widget\" data-e-type=\"widget\" data-widget_type=\"text-editor.default\">\n\t\t\t\t<div class=\"elementor-widget-container\">\n\t\t\t\t\t\t\t\t\t<p class=\"p2\">Weil <strong>reine Zellulose<\/strong> eine gute Alternative zum Kunststoff darstellt, aber auch die gleichen Vorteile wie Kunststoff bietet:<\/p>\t\t\t\t\t\t\t\t<\/div>\n\t\t\t\t<\/div>\n\t\t\t\t\t<\/div>\n\t\t<\/div>\n\t\t\t\t\t<\/div>\n\t\t<\/section>\n\t\t\t\t<div class=\"elementor-element elementor-element-54eff25 elementor-arrows-position-outside elementor--v-position-bottom elementor--h-position-center elementor-widget elementor-widget-slides\" data-id=\"54eff25\" data-element_type=\"widget\" data-e-type=\"widget\" data-settings=\"{&quot;navigation&quot;:&quot;arrows&quot;,&quot;autoplay_speed&quot;:4000,&quot;transition&quot;:&quot;fade&quot;,&quot;transition_speed&quot;:200,&quot;autoplay&quot;:&quot;yes&quot;,&quot;pause_on_hover&quot;:&quot;yes&quot;,&quot;pause_on_interaction&quot;:&quot;yes&quot;,&quot;infinite&quot;:&quot;yes&quot;}\" data-widget_type=\"slides.default\">\n\t\t\t\t<div class=\"elementor-widget-container\">\n\t\t\t\t\t\t\t\t\t<div class=\"elementor-swiper\">\n\t\t\t\t\t<div class=\"elementor-slides-wrapper elementor-main-swiper swiper\" role=\"region\" aria-roledescription=\"carousel\" aria-label=\"Slider\" dir=\"ltr\" data-animation=\"fadeInUp\">\n\t\t\t\t<div class=\"swiper-wrapper elementor-slides\">\n\t\t\t\t\t\t\t\t\t\t<div class=\"elementor-repeater-item-c76f05a swiper-slide\" role=\"group\" aria-roledescription=\"slide\"><div class=\"swiper-slide-bg\" role=\"img\" aria-label=\"icona punto 1\"><\/div><div class=\"swiper-slide-inner\" ><div class=\"swiper-slide-contents\"><div class=\"elementor-slide-heading\">NACHHALTIGKEIT<\/div><div class=\"elementor-slide-description\">urch das Generieren von verbessertem MHD (Mindesthaltbarkeitsdatum) tragen die Schalen zur Reduzierung\nund Vermeidung von \u201cFood Waste\u201d erheblich bei\n<\/div><\/div><\/div><\/div><div class=\"elementor-repeater-item-be789d5 swiper-slide\" role=\"group\" aria-roledescription=\"slide\"><div class=\"swiper-slide-bg\" role=\"img\" aria-label=\"icona punto 2\"><\/div><div class=\"swiper-slide-inner\" ><div class=\"swiper-slide-contents\"><div class=\"elementor-slide-heading\">RECYCLEBARKEIT<\/div><div class=\"elementor-slide-description\">100 % recyclebar\n<\/div><\/div><\/div><\/div><div class=\"elementor-repeater-item-ad05ec9 swiper-slide\" role=\"group\" aria-roledescription=\"slide\"><div class=\"swiper-slide-bg\" role=\"img\" aria-label=\"icona punto 4\"><\/div><div class=\"swiper-slide-inner\" ><div class=\"swiper-slide-contents\"><div class=\"elementor-slide-heading\">VERPACKUNGSOPTIMIERUNG<\/div><div class=\"elementor-slide-description\">durch die verst\u00e4rkte Struktur k\u00f6nnen diese Schalen auch auf Verpackungslinien f\u00fcr Kunststoff-Schalen verwendet werden<\/div><\/div><\/div><\/div>\t\t\t\t<\/div>\n\t\t\t\t\t\t\t\t\t\t\t\t\t\t\t<div class=\"elementor-swiper-button elementor-swiper-button-prev\" role=\"button\" tabindex=\"0\" aria-label=\"Vorheriger Slide\">\n\t\t\t\t\t\t\t<i aria-hidden=\"true\" class=\"eicon-chevron-left\"><\/i>\t\t\t\t\t\t<\/div>\n\t\t\t\t\t\t<div class=\"elementor-swiper-button elementor-swiper-button-next\" role=\"button\" tabindex=\"0\" aria-label=\"N\u00e4chster Slide\">\n\t\t\t\t\t\t\t<i aria-hidden=\"true\" class=\"eicon-chevron-right\"><\/i>\t\t\t\t\t\t<\/div>\n\t\t\t\t\t\t\t\t\t\t\t\t\t\t\t\t\t<\/div>\n\t\t\t\t<\/div>\n\t\t\t\t\t\t\t\t<\/div>\n\t\t\t\t<\/div>\n\t\t\t\t\t<\/div>\n\t\t<\/div>\n\t\t\t\t<div class=\"elementor-column elementor-col-50 elementor-top-column elementor-element elementor-element-5deb833 elementor-hidden-tablet elementor-hidden-mobile\" data-id=\"5deb833\" data-element_type=\"column\" data-e-type=\"column\" data-settings=\"{&quot;background_background&quot;:&quot;classic&quot;}\">\n\t\t\t<div class=\"elementor-widget-wrap elementor-element-populated\">\n\t\t\t\t\t<div class=\"elementor-background-overlay\"><\/div>\n\t\t\t\t\t\t\t<\/div>\n\t\t<\/div>\n\t\t\t\t\t<\/div>\n\t\t<\/section>\n\t\t\t\t<section class=\"elementor-section elementor-top-section elementor-element elementor-element-80032eb elementor-section-boxed elementor-section-height-default elementor-section-height-default\" data-id=\"80032eb\" data-element_type=\"section\" data-e-type=\"section\">\n\t\t\t\t\t\t<div class=\"elementor-container elementor-column-gap-default\">\n\t\t\t\t\t<div class=\"elementor-column elementor-col-100 elementor-top-column elementor-element elementor-element-3d46a2b6\" data-id=\"3d46a2b6\" data-element_type=\"column\" data-e-type=\"column\">\n\t\t\t<div class=\"elementor-widget-wrap elementor-element-populated\">\n\t\t\t\t\t\t<div class=\"elementor-element elementor-element-7a7b38d8 elementor-widget elementor-widget-image\" data-id=\"7a7b38d8\" data-element_type=\"widget\" data-e-type=\"widget\" data-widget_type=\"image.default\">\n\t\t\t\t<div class=\"elementor-widget-container\">\n\t\t\t\t\t\t\t\t\t\t\t\t\t\t\t<img decoding=\"async\" width=\"400\" height=\"183\" src=\"https:\/\/gruppo-happy.it\/wp-content\/uploads\/2022\/03\/barrier_plus_logo-1.png\" class=\"attachment-large size-large wp-image-10668\" alt=\"\" srcset=\"https:\/\/gruppo-happy.it\/wp-content\/uploads\/2022\/03\/barrier_plus_logo-1.png 400w, https:\/\/gruppo-happy.it\/wp-content\/uploads\/2022\/03\/barrier_plus_logo-1-300x137.png 300w\" sizes=\"(max-width: 400px) 100vw, 400px\" title=\"barrier_plus_logo | Gruppo Happy\" \/>\t\t\t\t\t\t\t\t\t\t\t\t\t\t\t<\/div>\n\t\t\t\t<\/div>\n\t\t\t\t<div class=\"elementor-element elementor-element-c5556e7 elementor-widget elementor-widget-heading\" data-id=\"c5556e7\" data-element_type=\"widget\" data-e-type=\"widget\" data-widget_type=\"heading.default\">\n\t\t\t\t<div class=\"elementor-widget-container\">\n\t\t\t\t\t<h2 class=\"elementor-heading-title elementor-size-default\">Unsere Fachkr&auml;fte stehen Ihnen f&uuml;r Einblicke und Tests vor Ort zur Verf&uuml;gung<\/h2>\t\t\t\t<\/div>\n\t\t\t\t<\/div>\n\t\t\t\t<section class=\"elementor-section elementor-inner-section elementor-element elementor-element-13f0877 elementor-section-boxed elementor-section-height-default elementor-section-height-default\" data-id=\"13f0877\" data-element_type=\"section\" data-e-type=\"section\">\n\t\t\t\t\t\t<div class=\"elementor-container elementor-column-gap-default\">\n\t\t\t\t\t<div class=\"elementor-column elementor-col-50 elementor-inner-column elementor-element elementor-element-78c86b1\" data-id=\"78c86b1\" data-element_type=\"column\" data-e-type=\"column\">\n\t\t\t<div class=\"elementor-widget-wrap elementor-element-populated\">\n\t\t\t\t\t\t<div class=\"elementor-element elementor-element-c513c5e elementor-align-right elementor-mobile-align-center elementor-widget elementor-widget-button\" data-id=\"c513c5e\" data-element_type=\"widget\" data-e-type=\"widget\" data-widget_type=\"button.default\">\n\t\t\t\t<div class=\"elementor-widget-container\">\n\t\t\t\t\t\t\t\t\t<div class=\"elementor-button-wrapper\">\n\t\t\t\t\t<a class=\"elementor-button elementor-button-link elementor-size-md elementor-animation-grow\" href=\"https:\/\/gruppo-happy.it\/de\/fr-unternehmen\/\">\n\t\t\t\t\t\t<span class=\"elementor-button-content-wrapper\">\n\t\t\t\t\t\t\t\t\t<span class=\"elementor-button-text\">KONTAKTIEREN SIE UNS<\/span>\n\t\t\t\t\t<\/span>\n\t\t\t\t\t<\/a>\n\t\t\t\t<\/div>\n\t\t\t\t\t\t\t\t<\/div>\n\t\t\t\t<\/div>\n\t\t\t\t\t<\/div>\n\t\t<\/div>\n\t\t\t\t<div class=\"elementor-column elementor-col-50 elementor-inner-column elementor-element elementor-element-833f89d\" data-id=\"833f89d\" data-element_type=\"column\" data-e-type=\"column\">\n\t\t\t<div class=\"elementor-widget-wrap elementor-element-populated\">\n\t\t\t\t\t\t<div class=\"elementor-element elementor-element-68b60d8 elementor-align-left elementor-mobile-align-center elementor-widget elementor-widget-button\" data-id=\"68b60d8\" data-element_type=\"widget\" data-e-type=\"widget\" data-widget_type=\"button.default\">\n\t\t\t\t<div class=\"elementor-widget-container\">\n\t\t\t\t\t\t\t\t\t<div class=\"elementor-button-wrapper\">\n\t\t\t\t\t<a class=\"elementor-button elementor-button-link elementor-size-md elementor-animation-grow\" href=\"https:\/\/www.ipacksrl.it\/\" target=\"_blank\">\n\t\t\t\t\t\t<span class=\"elementor-button-content-wrapper\">\n\t\t\t\t\t\t\t\t\t<span class=\"elementor-button-text\">Entdecken Sie www.ipacksrl.it<\/span>\n\t\t\t\t\t<\/span>\n\t\t\t\t\t<\/a>\n\t\t\t\t<\/div>\n\t\t\t\t\t\t\t\t<\/div>\n\t\t\t\t<\/div>\n\t\t\t\t\t<\/div>\n\t\t<\/div>\n\t\t\t\t\t<\/div>\n\t\t<\/section>\n\t\t\t\t\t<\/div>\n\t\t<\/div>\n\t\t\t\t\t<\/div>\n\t\t<\/section>\n\t\t\t\t<\/div>\n\t\t","protected":false},"excerpt":{"rendered":"<p>Eine innovative Verpackung, bestehend aus 85 % reiner Zellulose aus zyklisch nachwachsenden W\u00e4ldern (FSC-Zertifiziert). Diese Schalengeneration eignet sich u.a. auch f\u00fcr den Einsatz von Schutzgasen (MAP-Anwendungen) Aufgrund der Vielseitigkeit ihrer Anwendung kann sie ohne &Auml;nderung der Versiegelungsformen auf Verpackungslinien verwendet werden Durch die verst\u00e4rkte Struktur der Schale und des Schalenrandes, wird eine erheblich verbesserte Stabilit\u00e4t [&hellip;]<\/p>\n","protected":false},"author":127,"featured_media":0,"parent":0,"menu_order":0,"comment_status":"closed","ping_status":"closed","template":"","meta":{"_acf_changed":false,"footnotes":""},"class_list":["post-11637","page","type-page","status-publish","hentry"],"acf":[],"aioseo_notices":[],"_links":{"self":[{"href":"https:\/\/gruppo-happy.it\/de\/wp-json\/wp\/v2\/pages\/11637","targetHints":{"allow":["GET"]}}],"collection":[{"href":"https:\/\/gruppo-happy.it\/de\/wp-json\/wp\/v2\/pages"}],"about":[{"href":"https:\/\/gruppo-happy.it\/de\/wp-json\/wp\/v2\/types\/page"}],"author":[{"embeddable":true,"href":"https:\/\/gruppo-happy.it\/de\/wp-json\/wp\/v2\/users\/127"}],"replies":[{"embeddable":true,"href":"https:\/\/gruppo-happy.it\/de\/wp-json\/wp\/v2\/comments?post=11637"}],"version-history":[{"count":19,"href":"https:\/\/gruppo-happy.it\/de\/wp-json\/wp\/v2\/pages\/11637\/revisions"}],"predecessor-version":[{"id":14070,"href":"https:\/\/gruppo-happy.it\/de\/wp-json\/wp\/v2\/pages\/11637\/revisions\/14070"}],"wp:attachment":[{"href":"https:\/\/gruppo-happy.it\/de\/wp-json\/wp\/v2\/media?parent=11637"}],"curies":[{"name":"wp","href":"https:\/\/api.w.org\/{rel}","templated":true}]}}