{"id":5604,"date":"2022-03-15T09:29:26","date_gmt":"2022-03-15T08:29:26","guid":{"rendered":"https:\/\/gruppo-happy.it\/caracteristicas-distintivas\/"},"modified":"2023-12-29T17:02:09","modified_gmt":"2023-12-29T16:02:09","slug":"caracteristicas-distintivas","status":"publish","type":"page","link":"https:\/\/gruppo-happy.it\/es\/caracteristicas-distintivas\/","title":{"rendered":"Caracter\u00edsticas distintivas"},"content":{"rendered":"\t\t<div data-elementor-type=\"wp-page\" data-elementor-id=\"5604\" class=\"elementor elementor-5604 elementor-55\" data-elementor-post-type=\"page\">\n\t\t\t\t\t\t<section class=\"elementor-section elementor-top-section elementor-element elementor-element-c9bfe3e elementor-section-height-min-height elementor-section-boxed elementor-section-height-default elementor-section-items-middle\" data-id=\"c9bfe3e\" data-element_type=\"section\" data-e-type=\"section\" data-settings=\"{&quot;background_background&quot;:&quot;gradient&quot;}\">\n\t\t\t\t\t\t\t<div class=\"elementor-background-overlay\"><\/div>\n\t\t\t\t\t\t\t<div class=\"elementor-container elementor-column-gap-default\">\n\t\t\t\t\t<div class=\"elementor-column elementor-col-50 elementor-top-column elementor-element elementor-element-8d0cb97\" data-id=\"8d0cb97\" data-element_type=\"column\" data-e-type=\"column\">\n\t\t\t<div class=\"elementor-widget-wrap elementor-element-populated\">\n\t\t\t\t\t\t<div class=\"elementor-element elementor-element-e638848 elementor-widget elementor-widget-heading\" data-id=\"e638848\" data-element_type=\"widget\" data-e-type=\"widget\" data-widget_type=\"heading.default\">\n\t\t\t\t<div class=\"elementor-widget-container\">\n\t\t\t\t\t<h1 class=\"elementor-heading-title elementor-size-default\">Nuestras caracter\u00edsticas distintivas<\/h1>\t\t\t\t<\/div>\n\t\t\t\t<\/div>\n\t\t\t\t\t<\/div>\n\t\t<\/div>\n\t\t\t\t<div class=\"elementor-column elementor-col-50 elementor-top-column elementor-element elementor-element-5a08a32\" data-id=\"5a08a32\" data-element_type=\"column\" data-e-type=\"column\">\n\t\t\t<div class=\"elementor-widget-wrap elementor-element-populated\">\n\t\t\t\t\t\t<div class=\"elementor-element elementor-element-b0db6a1 elementor-widget elementor-widget-image\" data-id=\"b0db6a1\" data-element_type=\"widget\" data-e-type=\"widget\" data-widget_type=\"image.default\">\n\t\t\t\t<div class=\"elementor-widget-container\">\n\t\t\t\t\t\t\t\t\t\t\t\t\t\t\t<img fetchpriority=\"high\" decoding=\"async\" width=\"800\" height=\"800\" src=\"https:\/\/gruppo-happy.it\/wp-content\/uploads\/2022\/05\/happy.png\" class=\"attachment-large size-large wp-image-5416\" alt=\"\" srcset=\"https:\/\/gruppo-happy.it\/wp-content\/uploads\/2022\/05\/happy.png 1000w, https:\/\/gruppo-happy.it\/wp-content\/uploads\/2022\/05\/happy-300x300.png 300w, https:\/\/gruppo-happy.it\/wp-content\/uploads\/2022\/05\/happy-150x150.png 150w, https:\/\/gruppo-happy.it\/wp-content\/uploads\/2022\/05\/happy-768x768.png 768w\" sizes=\"(max-width: 800px) 100vw, 800px\" title=\"happy | Gruppo Happy\" \/>\t\t\t\t\t\t\t\t\t\t\t\t\t\t\t<\/div>\n\t\t\t\t<\/div>\n\t\t\t\t\t<\/div>\n\t\t<\/div>\n\t\t\t\t\t<\/div>\n\t\t<\/section>\n\t\t\t\t<section class=\"elementor-section elementor-top-section elementor-element elementor-element-4448b94 elementor-section-boxed elementor-section-height-default elementor-section-height-default\" data-id=\"4448b94\" data-element_type=\"section\" data-e-type=\"section\" data-settings=\"{&quot;background_background&quot;:&quot;classic&quot;,&quot;shape_divider_bottom&quot;:&quot;book&quot;}\">\n\t\t\t\t\t<div class=\"elementor-shape elementor-shape-bottom\" aria-hidden=\"true\" data-negative=\"false\">\n\t\t\t<svg xmlns=\"http:\/\/www.w3.org\/2000\/svg\" viewBox=\"0 0 1000 100\" preserveAspectRatio=\"none\">\n\t<path class=\"elementor-shape-fill\" d=\"M194,99c186.7,0.7,305-78.3,306-97.2c1,18.9,119.3,97.9,306,97.2c114.3-0.3,194,0.3,194,0.3s0-91.7,0-100c0,0,0,0,0-0 L0,0v99.3C0,99.3,79.7,98.7,194,99z\"\/>\n<\/svg>\t\t<\/div>\n\t\t\t\t\t<div class=\"elementor-container elementor-column-gap-default\">\n\t\t\t\t\t<div class=\"elementor-column elementor-col-100 elementor-top-column elementor-element elementor-element-651c841\" data-id=\"651c841\" data-element_type=\"column\" data-e-type=\"column\">\n\t\t\t<div class=\"elementor-widget-wrap elementor-element-populated\">\n\t\t\t\t\t\t<section class=\"elementor-section elementor-inner-section elementor-element elementor-element-e4c9718 elementor-section-boxed elementor-section-height-default elementor-section-height-default\" data-id=\"e4c9718\" data-element_type=\"section\" data-e-type=\"section\">\n\t\t\t\t\t\t<div class=\"elementor-container elementor-column-gap-default\">\n\t\t\t\t\t<div class=\"elementor-column elementor-col-50 elementor-inner-column elementor-element elementor-element-f287c4e\" data-id=\"f287c4e\" data-element_type=\"column\" data-e-type=\"column\">\n\t\t\t<div class=\"elementor-widget-wrap elementor-element-populated\">\n\t\t\t\t\t\t<div class=\"elementor-element elementor-element-4818f6b elementor-position-left elementor-vertical-align-middle elementor-widget elementor-widget-image-box\" data-id=\"4818f6b\" data-element_type=\"widget\" data-e-type=\"widget\" data-widget_type=\"image-box.default\">\n\t\t\t\t<div class=\"elementor-widget-container\">\n\t\t\t\t\t<div class=\"elementor-image-box-wrapper\"><figure class=\"elementor-image-box-img\"><img decoding=\"async\" width=\"300\" height=\"300\" src=\"https:\/\/gruppo-happy.it\/wp-content\/uploads\/2022\/03\/1-1.png\" class=\"elementor-animation-grow attachment-full size-full wp-image-451\" alt=\"\" title=\"1 | Gruppo Happy\" srcset=\"https:\/\/gruppo-happy.it\/wp-content\/uploads\/2022\/03\/1-1.png 300w, https:\/\/gruppo-happy.it\/wp-content\/uploads\/2022\/03\/1-1-150x150.png 150w\" sizes=\"(max-width: 300px) 100vw, 300px\" \/><\/figure><div class=\"elementor-image-box-content\"><h3 class=\"elementor-image-box-title\">EMPRESA FAMILIAR<\/h3><p class=\"elementor-image-box-description\">Inversiones continuas dirigidas a apoyar el compromiso a largo plazo de la empresa, dedicada a garantizar la calidad en el tiempo y poner en valor el talento de las personas, que representan el coraz\u00f3n de la empresa<\/p><\/div><\/div>\t\t\t\t<\/div>\n\t\t\t\t<\/div>\n\t\t\t\t\t<\/div>\n\t\t<\/div>\n\t\t\t\t<div class=\"elementor-column elementor-col-50 elementor-inner-column elementor-element elementor-element-1490c95\" data-id=\"1490c95\" data-element_type=\"column\" data-e-type=\"column\">\n\t\t\t<div class=\"elementor-widget-wrap elementor-element-populated\">\n\t\t\t\t\t\t<div class=\"elementor-element elementor-element-62d4ce7 elementor-position-left elementor-vertical-align-middle elementor-widget elementor-widget-image-box\" data-id=\"62d4ce7\" data-element_type=\"widget\" data-e-type=\"widget\" data-widget_type=\"image-box.default\">\n\t\t\t\t<div class=\"elementor-widget-container\">\n\t\t\t\t\t<div class=\"elementor-image-box-wrapper\"><figure class=\"elementor-image-box-img\"><img decoding=\"async\" width=\"1001\" height=\"1036\" src=\"https:\/\/gruppo-happy.it\/wp-content\/uploads\/2022\/05\/20220905_new_icona-focus.png\" class=\"elementor-animation-grow attachment-full size-full wp-image-2970\" alt=\"\" title=\"20220905_new_icona focus | Gruppo Happy\" srcset=\"https:\/\/gruppo-happy.it\/wp-content\/uploads\/2022\/05\/20220905_new_icona-focus.png 1001w, https:\/\/gruppo-happy.it\/wp-content\/uploads\/2022\/05\/20220905_new_icona-focus-290x300.png 290w, https:\/\/gruppo-happy.it\/wp-content\/uploads\/2022\/05\/20220905_new_icona-focus-989x1024.png 989w, https:\/\/gruppo-happy.it\/wp-content\/uploads\/2022\/05\/20220905_new_icona-focus-768x795.png 768w\" sizes=\"(max-width: 1001px) 100vw, 1001px\" \/><\/figure><div class=\"elementor-image-box-content\"><h3 class=\"elementor-image-box-title\">CENTRO DE ATENCI\u00d3N<\/h3><p class=\"elementor-image-box-description\">Especializaci\u00f3n y compromiso constante en el dise\u00f1o y producci\u00f3n de envases alimentarios innovadores y sostenibles<\/p><\/div><\/div>\t\t\t\t<\/div>\n\t\t\t\t<\/div>\n\t\t\t\t\t<\/div>\n\t\t<\/div>\n\t\t\t\t\t<\/div>\n\t\t<\/section>\n\t\t\t\t<section class=\"elementor-section elementor-inner-section elementor-element elementor-element-1e70dad elementor-section-boxed elementor-section-height-default elementor-section-height-default\" data-id=\"1e70dad\" data-element_type=\"section\" data-e-type=\"section\">\n\t\t\t\t\t\t<div class=\"elementor-container elementor-column-gap-default\">\n\t\t\t\t\t<div class=\"elementor-column elementor-col-50 elementor-inner-column elementor-element elementor-element-0d8876e\" data-id=\"0d8876e\" data-element_type=\"column\" data-e-type=\"column\">\n\t\t\t<div class=\"elementor-widget-wrap elementor-element-populated\">\n\t\t\t\t\t\t<div class=\"elementor-element elementor-element-53dee28 elementor-position-left elementor-vertical-align-middle elementor-widget elementor-widget-image-box\" data-id=\"53dee28\" data-element_type=\"widget\" data-e-type=\"widget\" data-widget_type=\"image-box.default\">\n\t\t\t\t<div class=\"elementor-widget-container\">\n\t\t\t\t\t<div class=\"elementor-image-box-wrapper\"><figure class=\"elementor-image-box-img\"><img loading=\"lazy\" decoding=\"async\" width=\"300\" height=\"300\" src=\"https:\/\/gruppo-happy.it\/wp-content\/uploads\/2022\/03\/3-1.png\" class=\"elementor-animation-grow attachment-full size-full wp-image-453\" alt=\"\" title=\"3 | Gruppo Happy\" srcset=\"https:\/\/gruppo-happy.it\/wp-content\/uploads\/2022\/03\/3-1.png 300w, https:\/\/gruppo-happy.it\/wp-content\/uploads\/2022\/03\/3-1-150x150.png 150w\" sizes=\"(max-width: 300px) 100vw, 300px\" \/><\/figure><div class=\"elementor-image-box-content\"><h3 class=\"elementor-image-box-title\">EL MEJOR PACKAGING PARA CADA ALIMENTO<\/h3><p class=\"elementor-image-box-description\">Dise\u00f1o y producci\u00f3n de soluciones en los principales tipos de materiales y tecnolog\u00edas orientadas a ofrecer el envase m\u00e1s adecuado para cada alimento<\/p><\/div><\/div>\t\t\t\t<\/div>\n\t\t\t\t<\/div>\n\t\t\t\t\t<\/div>\n\t\t<\/div>\n\t\t\t\t<div class=\"elementor-column elementor-col-50 elementor-inner-column elementor-element elementor-element-c46f2b3\" data-id=\"c46f2b3\" data-element_type=\"column\" data-e-type=\"column\">\n\t\t\t<div class=\"elementor-widget-wrap elementor-element-populated\">\n\t\t\t\t\t\t<div class=\"elementor-element elementor-element-24ed676 elementor-position-left elementor-vertical-align-middle elementor-widget elementor-widget-image-box\" data-id=\"24ed676\" data-element_type=\"widget\" data-e-type=\"widget\" data-widget_type=\"image-box.default\">\n\t\t\t\t<div class=\"elementor-widget-container\">\n\t\t\t\t\t<div class=\"elementor-image-box-wrapper\"><figure class=\"elementor-image-box-img\"><img loading=\"lazy\" decoding=\"async\" width=\"300\" height=\"300\" src=\"https:\/\/gruppo-happy.it\/wp-content\/uploads\/2022\/03\/4-1.png\" class=\"elementor-animation-grow attachment-full size-full wp-image-454\" alt=\"\" title=\"4 | Gruppo Happy\" srcset=\"https:\/\/gruppo-happy.it\/wp-content\/uploads\/2022\/03\/4-1.png 300w, https:\/\/gruppo-happy.it\/wp-content\/uploads\/2022\/03\/4-1-150x150.png 150w\" sizes=\"(max-width: 300px) 100vw, 300px\" \/><\/figure><div class=\"elementor-image-box-content\"><h3 class=\"elementor-image-box-title\">ENFOQUE DE CONSULTOR\u00cdA<\/h3><p class=\"elementor-image-box-description\">Gracias a nuestro know-how y a nuestra amplia gama de soluciones, garantizamos un asesoramiento personalizado en funci\u00f3n de las necesidades del cliente<\/p><\/div><\/div>\t\t\t\t<\/div>\n\t\t\t\t<\/div>\n\t\t\t\t\t<\/div>\n\t\t<\/div>\n\t\t\t\t\t<\/div>\n\t\t<\/section>\n\t\t\t\t<section class=\"elementor-section elementor-inner-section elementor-element elementor-element-6f21631 elementor-section-boxed elementor-section-height-default elementor-section-height-default\" data-id=\"6f21631\" data-element_type=\"section\" data-e-type=\"section\">\n\t\t\t\t\t\t<div class=\"elementor-container elementor-column-gap-default\">\n\t\t\t\t\t<div class=\"elementor-column elementor-col-50 elementor-inner-column elementor-element elementor-element-23ac96d\" data-id=\"23ac96d\" data-element_type=\"column\" data-e-type=\"column\">\n\t\t\t<div class=\"elementor-widget-wrap elementor-element-populated\">\n\t\t\t\t\t\t<div class=\"elementor-element elementor-element-f942096 elementor-position-left elementor-vertical-align-middle elementor-widget elementor-widget-image-box\" data-id=\"f942096\" data-element_type=\"widget\" data-e-type=\"widget\" data-widget_type=\"image-box.default\">\n\t\t\t\t<div class=\"elementor-widget-container\">\n\t\t\t\t\t<div class=\"elementor-image-box-wrapper\"><figure class=\"elementor-image-box-img\"><img loading=\"lazy\" decoding=\"async\" width=\"300\" height=\"300\" src=\"https:\/\/gruppo-happy.it\/wp-content\/uploads\/2022\/03\/5-1.png\" class=\"elementor-animation-grow attachment-full size-full wp-image-455\" alt=\"\" title=\"5 | Gruppo Happy\" srcset=\"https:\/\/gruppo-happy.it\/wp-content\/uploads\/2022\/03\/5-1.png 300w, https:\/\/gruppo-happy.it\/wp-content\/uploads\/2022\/03\/5-1-150x150.png 150w\" sizes=\"(max-width: 300px) 100vw, 300px\" \/><\/figure><div class=\"elementor-image-box-content\"><h3 class=\"elementor-image-box-title\">LUGAR DE FABRICACI\u00d3N<\/h3><p class=\"elementor-image-box-description\">Un lugar de fabricaci\u00f3n para cada tipo de material con el fin de garantizar la seguridad y eficiencia de la producci\u00f3n<\/p><\/div><\/div>\t\t\t\t<\/div>\n\t\t\t\t<\/div>\n\t\t\t\t\t<\/div>\n\t\t<\/div>\n\t\t\t\t<div class=\"elementor-column elementor-col-50 elementor-inner-column elementor-element elementor-element-a4f6a2f\" data-id=\"a4f6a2f\" data-element_type=\"column\" data-e-type=\"column\">\n\t\t\t<div class=\"elementor-widget-wrap elementor-element-populated\">\n\t\t\t\t\t\t<div class=\"elementor-element elementor-element-2830c2e elementor-position-left elementor-vertical-align-middle elementor-widget elementor-widget-image-box\" data-id=\"2830c2e\" data-element_type=\"widget\" data-e-type=\"widget\" data-widget_type=\"image-box.default\">\n\t\t\t\t<div class=\"elementor-widget-container\">\n\t\t\t\t\t<div class=\"elementor-image-box-wrapper\"><figure class=\"elementor-image-box-img\"><img loading=\"lazy\" decoding=\"async\" width=\"300\" height=\"300\" src=\"https:\/\/gruppo-happy.it\/wp-content\/uploads\/2022\/03\/6-1.png\" class=\"elementor-animation-grow attachment-full size-full wp-image-456\" alt=\"\" title=\"6 | Gruppo Happy\" srcset=\"https:\/\/gruppo-happy.it\/wp-content\/uploads\/2022\/03\/6-1.png 300w, https:\/\/gruppo-happy.it\/wp-content\/uploads\/2022\/03\/6-1-150x150.png 150w\" sizes=\"(max-width: 300px) 100vw, 300px\" \/><\/figure><div class=\"elementor-image-box-content\"><h3 class=\"elementor-image-box-title\">SOPORTE DIRECTO<\/h3><p class=\"elementor-image-box-description\">Cerca del cliente en todas sus necesidades y requerimientos gracias al apoyo directo de personas preparadas, capaces de resolver cualquier tipo de problema t\u00e9cnico y normativo para encontrar juntos mejores soluciones en beneficio de la sostenibilidad<\/p><\/div><\/div>\t\t\t\t<\/div>\n\t\t\t\t<\/div>\n\t\t\t\t\t<\/div>\n\t\t<\/div>\n\t\t\t\t\t<\/div>\n\t\t<\/section>\n\t\t\t\t<section class=\"elementor-section elementor-inner-section elementor-element elementor-element-994eb62 elementor-section-boxed elementor-section-height-default elementor-section-height-default\" data-id=\"994eb62\" data-element_type=\"section\" data-e-type=\"section\">\n\t\t\t\t\t\t<div class=\"elementor-container elementor-column-gap-default\">\n\t\t\t\t\t<div class=\"elementor-column elementor-col-50 elementor-inner-column elementor-element elementor-element-3993bb1\" data-id=\"3993bb1\" data-element_type=\"column\" data-e-type=\"column\">\n\t\t\t<div class=\"elementor-widget-wrap elementor-element-populated\">\n\t\t\t\t\t\t<div class=\"elementor-element elementor-element-7211fba elementor-position-left elementor-vertical-align-middle elementor-widget elementor-widget-image-box\" data-id=\"7211fba\" data-element_type=\"widget\" data-e-type=\"widget\" data-widget_type=\"image-box.default\">\n\t\t\t\t<div class=\"elementor-widget-container\">\n\t\t\t\t\t<div class=\"elementor-image-box-wrapper\"><figure class=\"elementor-image-box-img\"><img loading=\"lazy\" decoding=\"async\" width=\"300\" height=\"300\" src=\"https:\/\/gruppo-happy.it\/wp-content\/uploads\/2022\/03\/7-1.png\" class=\"elementor-animation-grow attachment-full size-full wp-image-457\" alt=\"\" title=\"7 | Gruppo Happy\" srcset=\"https:\/\/gruppo-happy.it\/wp-content\/uploads\/2022\/03\/7-1.png 300w, https:\/\/gruppo-happy.it\/wp-content\/uploads\/2022\/03\/7-1-150x150.png 150w\" sizes=\"(max-width: 300px) 100vw, 300px\" \/><\/figure><div class=\"elementor-image-box-content\"><h3 class=\"elementor-image-box-title\">POST-VENTA<\/h3><p class=\"elementor-image-box-description\">Soporte post-venta para la soluci\u00f3n de problemas de packaging y la optimizaci\u00f3n de procesos en las l\u00edneas del cliente<\/p><\/div><\/div>\t\t\t\t<\/div>\n\t\t\t\t<\/div>\n\t\t\t\t\t<\/div>\n\t\t<\/div>\n\t\t\t\t<div class=\"elementor-column elementor-col-50 elementor-inner-column elementor-element elementor-element-a03bb1d\" data-id=\"a03bb1d\" data-element_type=\"column\" data-e-type=\"column\">\n\t\t\t<div class=\"elementor-widget-wrap elementor-element-populated\">\n\t\t\t\t\t\t<div class=\"elementor-element elementor-element-b69d34c elementor-position-left elementor-vertical-align-middle elementor-widget elementor-widget-image-box\" data-id=\"b69d34c\" data-element_type=\"widget\" data-e-type=\"widget\" data-widget_type=\"image-box.default\">\n\t\t\t\t<div class=\"elementor-widget-container\">\n\t\t\t\t\t<div class=\"elementor-image-box-wrapper\"><figure class=\"elementor-image-box-img\"><img loading=\"lazy\" decoding=\"async\" width=\"300\" height=\"300\" src=\"https:\/\/gruppo-happy.it\/wp-content\/uploads\/2022\/03\/8-1.png\" class=\"elementor-animation-grow attachment-full size-full wp-image-458\" alt=\"\" title=\"8 | Gruppo Happy\" srcset=\"https:\/\/gruppo-happy.it\/wp-content\/uploads\/2022\/03\/8-1.png 300w, https:\/\/gruppo-happy.it\/wp-content\/uploads\/2022\/03\/8-1-150x150.png 150w\" sizes=\"(max-width: 300px) 100vw, 300px\" \/><\/figure><div class=\"elementor-image-box-content\"><h3 class=\"elementor-image-box-title\">LOG\u00cdSTICA<\/h3><p class=\"elementor-image-box-description\">Empresa especializada en la prestaci\u00f3n de servicios de transporte y log\u00edstica para garantizar un servicio puntual<\/p><\/div><\/div>\t\t\t\t<\/div>\n\t\t\t\t<\/div>\n\t\t\t\t\t<\/div>\n\t\t<\/div>\n\t\t\t\t\t<\/div>\n\t\t<\/section>\n\t\t\t\t\t<\/div>\n\t\t<\/div>\n\t\t\t\t\t<\/div>\n\t\t<\/section>\n\t\t\t\t<section class=\"elementor-section elementor-top-section elementor-element elementor-element-14aab6d elementor-section-boxed elementor-section-height-default elementor-section-height-default\" data-id=\"14aab6d\" data-element_type=\"section\" data-e-type=\"section\">\n\t\t\t\t\t\t<div class=\"elementor-container elementor-column-gap-default\">\n\t\t\t\t\t<div class=\"elementor-column elementor-col-100 elementor-top-column elementor-element elementor-element-c3d8d0f\" data-id=\"c3d8d0f\" data-element_type=\"column\" data-e-type=\"column\">\n\t\t\t<div class=\"elementor-widget-wrap elementor-element-populated\">\n\t\t\t\t\t\t<div class=\"elementor-element elementor-element-3fe0bbf elementor-widget elementor-widget-image\" data-id=\"3fe0bbf\" data-element_type=\"widget\" data-e-type=\"widget\" data-widget_type=\"image.default\">\n\t\t\t\t<div class=\"elementor-widget-container\">\n\t\t\t\t\t\t\t\t\t\t\t\t\t\t\t<img loading=\"lazy\" decoding=\"async\" width=\"129\" height=\"124\" src=\"https:\/\/gruppo-happy.it\/wp-content\/uploads\/2022\/03\/primo.png\" class=\"attachment-large size-large wp-image-5163\" alt=\"\" title=\"primo | Gruppo Happy\" \/>\t\t\t\t\t\t\t\t\t\t\t\t\t\t\t<\/div>\n\t\t\t\t<\/div>\n\t\t\t\t<div class=\"elementor-element elementor-element-5621ac5 elementor-widget elementor-widget-heading\" data-id=\"5621ac5\" data-element_type=\"widget\" data-e-type=\"widget\" data-widget_type=\"heading.default\">\n\t\t\t\t<div class=\"elementor-widget-container\">\n\t\t\t\t\t<h2 class=\"elementor-heading-title elementor-size-default\">LA ELECCI\u00d3N SOSTENIBLE<\/h2>\t\t\t\t<\/div>\n\t\t\t\t<\/div>\n\t\t\t\t\t<\/div>\n\t\t<\/div>\n\t\t\t\t\t<\/div>\n\t\t<\/section>\n\t\t\t\t<\/div>\n\t\t","protected":false},"excerpt":{"rendered":"<p>Nuestras caracter\u00edsticas distintivas EMPRESA FAMILIAR Inversiones continuas dirigidas a apoyar el compromiso a largo plazo de la empresa, dedicada a garantizar la calidad en el tiempo y poner en valor el talento de las personas, que representan el coraz\u00f3n de la empresa CENTRO DE ATENCI\u00d3N Especializaci\u00f3n y compromiso constante en el dise\u00f1o y producci\u00f3n de [&hellip;]<\/p>\n","protected":false},"author":127,"featured_media":0,"parent":0,"menu_order":0,"comment_status":"closed","ping_status":"closed","template":"","meta":{"_acf_changed":false,"footnotes":""},"class_list":["post-5604","page","type-page","status-publish","hentry"],"acf":[],"aioseo_notices":[],"_links":{"self":[{"href":"https:\/\/gruppo-happy.it\/es\/wp-json\/wp\/v2\/pages\/5604","targetHints":{"allow":["GET"]}}],"collection":[{"href":"https:\/\/gruppo-happy.it\/es\/wp-json\/wp\/v2\/pages"}],"about":[{"href":"https:\/\/gruppo-happy.it\/es\/wp-json\/wp\/v2\/types\/page"}],"author":[{"embeddable":true,"href":"https:\/\/gruppo-happy.it\/es\/wp-json\/wp\/v2\/users\/127"}],"replies":[{"embeddable":true,"href":"https:\/\/gruppo-happy.it\/es\/wp-json\/wp\/v2\/comments?post=5604"}],"version-history":[{"count":4,"href":"https:\/\/gruppo-happy.it\/es\/wp-json\/wp\/v2\/pages\/5604\/revisions"}],"predecessor-version":[{"id":13980,"href":"https:\/\/gruppo-happy.it\/es\/wp-json\/wp\/v2\/pages\/5604\/revisions\/13980"}],"wp:attachment":[{"href":"https:\/\/gruppo-happy.it\/es\/wp-json\/wp\/v2\/media?parent=5604"}],"curies":[{"name":"wp","href":"https:\/\/api.w.org\/{rel}","templated":true}]}}