{"id":5628,"date":"2022-03-15T09:29:00","date_gmt":"2022-03-15T08:29:00","guid":{"rendered":"https:\/\/gruppo-happy.it\/barrier\/"},"modified":"2023-12-29T17:22:37","modified_gmt":"2023-12-29T16:22:37","slug":"barrier","status":"publish","type":"page","link":"https:\/\/gruppo-happy.it\/es\/barrier\/","title":{"rendered":"Barrier +"},"content":{"rendered":"\t\t<div data-elementor-type=\"wp-page\" data-elementor-id=\"5628\" class=\"elementor elementor-5628 elementor-53\" data-elementor-post-type=\"page\">\n\t\t\t\t\t\t<section class=\"elementor-section elementor-top-section elementor-element elementor-element-40cec90d elementor-section-boxed elementor-section-height-default elementor-section-height-default\" data-id=\"40cec90d\" data-element_type=\"section\" data-e-type=\"section\" data-settings=\"{&quot;background_background&quot;:&quot;classic&quot;}\">\n\t\t\t\t\t\t\t<div class=\"elementor-background-overlay\"><\/div>\n\t\t\t\t\t\t\t<div class=\"elementor-container elementor-column-gap-default\">\n\t\t\t\t\t<div class=\"elementor-column elementor-col-50 elementor-top-column elementor-element elementor-element-3c5e578e\" data-id=\"3c5e578e\" data-element_type=\"column\" data-e-type=\"column\">\n\t\t\t<div class=\"elementor-widget-wrap elementor-element-populated\">\n\t\t\t\t\t\t<div class=\"elementor-element elementor-element-4c5c96ee elementor-widget elementor-widget-image\" data-id=\"4c5c96ee\" data-element_type=\"widget\" data-e-type=\"widget\" data-widget_type=\"image.default\">\n\t\t\t\t<div class=\"elementor-widget-container\">\n\t\t\t\t\t\t\t\t\t\t\t\t\t\t\t<img fetchpriority=\"high\" decoding=\"async\" width=\"400\" height=\"183\" src=\"https:\/\/gruppo-happy.it\/wp-content\/uploads\/2022\/03\/barrier_plus_logo_white.png\" class=\"attachment-large size-large wp-image-5171\" alt=\"\" srcset=\"https:\/\/gruppo-happy.it\/wp-content\/uploads\/2022\/03\/barrier_plus_logo_white.png 400w, https:\/\/gruppo-happy.it\/wp-content\/uploads\/2022\/03\/barrier_plus_logo_white-300x137.png 300w\" sizes=\"(max-width: 400px) 100vw, 400px\" title=\"barrier_plus_logo_white | Gruppo Happy\" \/>\t\t\t\t\t\t\t\t\t\t\t\t\t\t\t<\/div>\n\t\t\t\t<\/div>\n\t\t\t\t<div class=\"elementor-element elementor-element-7fe9631d elementor-widget elementor-widget-heading\" data-id=\"7fe9631d\" data-element_type=\"widget\" data-e-type=\"widget\" data-widget_type=\"heading.default\">\n\t\t\t\t<div class=\"elementor-widget-container\">\n\t\t\t\t\t<h1 class=\"elementor-heading-title elementor-size-default\">La innovadora bandeja con un 85% de celulosa pura procedente de bosques c\u00edclicamente renovables adecuada para el envasado de alimentos en atm\u00f3sfera protectora<\/h1>\t\t\t\t<\/div>\n\t\t\t\t<\/div>\n\t\t\t\t\t<\/div>\n\t\t<\/div>\n\t\t\t\t<div class=\"elementor-column elementor-col-50 elementor-top-column elementor-element elementor-element-464b885c\" data-id=\"464b885c\" data-element_type=\"column\" data-e-type=\"column\">\n\t\t\t<div class=\"elementor-widget-wrap elementor-element-populated\">\n\t\t\t\t\t\t<div class=\"elementor-element elementor-element-7c151fb elementor-widget elementor-widget-image\" data-id=\"7c151fb\" data-element_type=\"widget\" data-e-type=\"widget\" data-widget_type=\"image.default\">\n\t\t\t\t<div class=\"elementor-widget-container\">\n\t\t\t\t\t\t\t\t\t\t\t\t\t\t\t<img decoding=\"async\" width=\"800\" height=\"541\" src=\"https:\/\/gruppo-happy.it\/wp-content\/uploads\/2022\/05\/barrier_plus-1024x693.png\" class=\"attachment-large size-large wp-image-5392\" alt=\"\" srcset=\"https:\/\/gruppo-happy.it\/wp-content\/uploads\/2022\/05\/barrier_plus-1024x693.png 1024w, https:\/\/gruppo-happy.it\/wp-content\/uploads\/2022\/05\/barrier_plus-300x203.png 300w, https:\/\/gruppo-happy.it\/wp-content\/uploads\/2022\/05\/barrier_plus-768x519.png 768w, https:\/\/gruppo-happy.it\/wp-content\/uploads\/2022\/05\/barrier_plus.png 1140w\" sizes=\"(max-width: 800px) 100vw, 800px\" title=\"barrier_plus | Gruppo Happy\" \/>\t\t\t\t\t\t\t\t\t\t\t\t\t\t\t<\/div>\n\t\t\t\t<\/div>\n\t\t\t\t\t<\/div>\n\t\t<\/div>\n\t\t\t\t\t<\/div>\n\t\t<\/section>\n\t\t\t\t<section class=\"elementor-section elementor-top-section elementor-element elementor-element-6e44f6c7 elementor-section-full_width elementor-reverse-mobile elementor-section-height-default elementor-section-height-default\" data-id=\"6e44f6c7\" data-element_type=\"section\" data-e-type=\"section\">\n\t\t\t\t\t\t<div class=\"elementor-container elementor-column-gap-default\">\n\t\t\t\t\t<div class=\"elementor-column elementor-col-50 elementor-top-column elementor-element elementor-element-754186cf\" data-id=\"754186cf\" data-element_type=\"column\" data-e-type=\"column\" data-settings=\"{&quot;background_background&quot;:&quot;classic&quot;}\">\n\t\t\t<div class=\"elementor-widget-wrap elementor-element-populated\">\n\t\t\t\t\t\t<section class=\"elementor-section elementor-inner-section elementor-element elementor-element-6455d66a elementor-section-height-min-height elementor-section-boxed elementor-section-height-default\" data-id=\"6455d66a\" data-element_type=\"section\" data-e-type=\"section\">\n\t\t\t\t\t\t<div class=\"elementor-container elementor-column-gap-default\">\n\t\t\t\t\t<div class=\"elementor-column elementor-col-50 elementor-inner-column elementor-element elementor-element-691051d4\" data-id=\"691051d4\" data-element_type=\"column\" data-e-type=\"column\">\n\t\t\t<div class=\"elementor-widget-wrap\">\n\t\t\t\t\t\t\t<\/div>\n\t\t<\/div>\n\t\t\t\t<div class=\"elementor-column elementor-col-50 elementor-inner-column elementor-element elementor-element-764c1e97\" data-id=\"764c1e97\" data-element_type=\"column\" data-e-type=\"column\">\n\t\t\t<div class=\"elementor-widget-wrap\">\n\t\t\t\t\t\t\t<\/div>\n\t\t<\/div>\n\t\t\t\t\t<\/div>\n\t\t<\/section>\n\t\t\t\t\t<\/div>\n\t\t<\/div>\n\t\t\t\t<div class=\"elementor-column elementor-col-50 elementor-top-column elementor-element elementor-element-2cfa7dab\" data-id=\"2cfa7dab\" data-element_type=\"column\" data-e-type=\"column\" data-settings=\"{&quot;background_background&quot;:&quot;gradient&quot;}\">\n\t\t\t<div class=\"elementor-widget-wrap elementor-element-populated\">\n\t\t\t\t\t\t<div class=\"elementor-element elementor-element-679a97fa elementor-widget elementor-widget-heading\" data-id=\"679a97fa\" data-element_type=\"widget\" data-e-type=\"widget\" data-widget_type=\"heading.default\">\n\t\t\t\t<div class=\"elementor-widget-container\">\n\t\t\t\t\t<h2 class=\"elementor-heading-title elementor-size-default\">Gracias a sus caracter\u00edsticas espec\u00edficas, se puede utilizar en las l\u00edneas sin ninguna modificaci\u00f3n particular de los moldes de sellado<\/h2>\t\t\t\t<\/div>\n\t\t\t\t<\/div>\n\t\t\t\t\t<\/div>\n\t\t<\/div>\n\t\t\t\t\t<\/div>\n\t\t<\/section>\n\t\t\t\t<section class=\"elementor-section elementor-top-section elementor-element elementor-element-5e38284c elementor-section-height-min-height elementor-section-boxed elementor-section-height-default elementor-section-items-middle\" data-id=\"5e38284c\" data-element_type=\"section\" data-e-type=\"section\">\n\t\t\t\t\t\t<div class=\"elementor-container elementor-column-gap-default\">\n\t\t\t\t\t<div class=\"elementor-column elementor-col-100 elementor-top-column elementor-element elementor-element-6ab923e6\" data-id=\"6ab923e6\" data-element_type=\"column\" data-e-type=\"column\">\n\t\t\t<div class=\"elementor-widget-wrap elementor-element-populated\">\n\t\t\t\t\t\t<div class=\"elementor-element elementor-element-2bd6068a elementor-widget elementor-widget-text-editor\" data-id=\"2bd6068a\" data-element_type=\"widget\" data-e-type=\"widget\" data-widget_type=\"text-editor.default\">\n\t\t\t\t<div class=\"elementor-widget-container\">\n\t\t\t\t\t\t\t\t\t<p class=\"p2\">La particular estructura reforzada le da al contenedor una <b>rigidez notable <\/b>que lo hace <b>adecuado para todas las operaciones de manipulaci\u00f3n y transporte<\/b> durante todo el proceso de producci\u00f3n.<span class=\"Apple-converted-space\"> <\/span><\/p>\n<p class=\"p2\">Adem\u00e1s, la <b>estructura de soporte<\/b> de la bandeja y la <b>calidad del cart\u00f3n<\/b> de celulosa pura permiten que el embalaje final <b>proteja mejor los alimentos durante los largos traslados<\/b> desde los lugares de producci\u00f3n a los mostradores minoristas a gran escala, hasta los hogares de los consumidores, asegurando la conservaci\u00f3n <b>sin que el material muestre flacidez o ablandamiento<\/b> incluso en el caso de paquetes superpuestos.<span class=\"Apple-converted-space\"> <\/span><\/p>\n<p class=\"p2\">Todas las bandejas BARRIER+ <b>se pueden personalizar <\/b>seg\u00fan las necesidades del cliente con fondos de colores, marcas e im\u00e1genes, con un resultado de alta calidad. El cart\u00f3n est\u00e1 <b>impreso en flexograf\u00eda con tintas a base de agua<\/b>, certificadas para el <b>contacto indirecto con alimentos y resistentes a altas temperaturas<\/b>.<span class=\"Apple-converted-space\"> <\/span><\/p>\t\t\t\t\t\t\t\t<\/div>\n\t\t\t\t<\/div>\n\t\t\t\t\t<\/div>\n\t\t<\/div>\n\t\t\t\t\t<\/div>\n\t\t<\/section>\n\t\t\t\t<section class=\"elementor-section elementor-top-section elementor-element elementor-element-296c112 elementor-section-full_width elementor-section-height-default elementor-section-height-default\" data-id=\"296c112\" data-element_type=\"section\" data-e-type=\"section\">\n\t\t\t\t\t\t<div class=\"elementor-container elementor-column-gap-default\">\n\t\t\t\t\t<div class=\"elementor-column elementor-col-100 elementor-top-column elementor-element elementor-element-83c1d3d\" data-id=\"83c1d3d\" data-element_type=\"column\" data-e-type=\"column\">\n\t\t\t<div class=\"elementor-widget-wrap elementor-element-populated\">\n\t\t\t\t\t\t<div class=\"elementor-element elementor-element-f281e96 elementor-widget elementor-widget-image\" data-id=\"f281e96\" data-element_type=\"widget\" data-e-type=\"widget\" data-widget_type=\"image.default\">\n\t\t\t\t<div class=\"elementor-widget-container\">\n\t\t\t\t\t\t\t\t\t\t\t\t\t\t\t<img decoding=\"async\" width=\"800\" height=\"400\" src=\"https:\/\/gruppo-happy.it\/wp-content\/uploads\/2022\/05\/2custom_2-1-1024x512.jpg\" class=\"attachment-large size-large wp-image-5447\" alt=\"\" srcset=\"https:\/\/gruppo-happy.it\/wp-content\/uploads\/2022\/05\/2custom_2-1-1024x512.jpg 1024w, https:\/\/gruppo-happy.it\/wp-content\/uploads\/2022\/05\/2custom_2-1-300x150.jpg 300w, https:\/\/gruppo-happy.it\/wp-content\/uploads\/2022\/05\/2custom_2-1-768x384.jpg 768w, https:\/\/gruppo-happy.it\/wp-content\/uploads\/2022\/05\/2custom_2-1.jpg 1400w\" sizes=\"(max-width: 800px) 100vw, 800px\" title=\"2custom_2 | Gruppo Happy\" \/>\t\t\t\t\t\t\t\t\t\t\t\t\t\t\t<\/div>\n\t\t\t\t<\/div>\n\t\t\t\t\t<\/div>\n\t\t<\/div>\n\t\t\t\t\t<\/div>\n\t\t<\/section>\n\t\t\t\t<section class=\"elementor-section elementor-top-section elementor-element elementor-element-5d37a1d elementor-reverse-tablet elementor-reverse-mobile elementor-section-boxed elementor-section-height-default elementor-section-height-default\" data-id=\"5d37a1d\" data-element_type=\"section\" data-e-type=\"section\" data-settings=\"{&quot;background_background&quot;:&quot;classic&quot;}\">\n\t\t\t\t\t\t<div class=\"elementor-container elementor-column-gap-default\">\n\t\t\t\t\t<div class=\"elementor-column elementor-col-50 elementor-top-column elementor-element elementor-element-d80fc6f\" data-id=\"d80fc6f\" data-element_type=\"column\" data-e-type=\"column\">\n\t\t\t<div class=\"elementor-widget-wrap elementor-element-populated\">\n\t\t\t\t\t\t<section class=\"elementor-section elementor-inner-section elementor-element elementor-element-b847047 elementor-section-boxed elementor-section-height-default elementor-section-height-default\" data-id=\"b847047\" data-element_type=\"section\" data-e-type=\"section\">\n\t\t\t\t\t\t<div class=\"elementor-container elementor-column-gap-default\">\n\t\t\t\t\t<div class=\"elementor-column elementor-col-100 elementor-inner-column elementor-element elementor-element-1ce4e4f\" data-id=\"1ce4e4f\" data-element_type=\"column\" data-e-type=\"column\">\n\t\t\t<div class=\"elementor-widget-wrap elementor-element-populated\">\n\t\t\t\t\t\t<div class=\"elementor-element elementor-element-e8aaec9 elementor-widget elementor-widget-heading\" data-id=\"e8aaec9\" data-element_type=\"widget\" data-e-type=\"widget\" data-widget_type=\"heading.default\">\n\t\t\t\t<div class=\"elementor-widget-container\">\n\t\t\t\t\t<h2 class=\"elementor-heading-title elementor-size-default\">\u00bfPor qu\u00e9 elegir\nel contenedor Barrier+?<\/h2>\t\t\t\t<\/div>\n\t\t\t\t<\/div>\n\t\t\t\t<div class=\"elementor-element elementor-element-91cff8c elementor-widget elementor-widget-text-editor\" data-id=\"91cff8c\" data-element_type=\"widget\" data-e-type=\"widget\" data-widget_type=\"text-editor.default\">\n\t\t\t\t<div class=\"elementor-widget-container\">\n\t\t\t\t\t\t\t\t\t<p class=\"p2\">Porque ofrece una alternativa al pl\u00e1stico, hecha de <strong>CELULOSA PURA<\/strong> con una estructura reforzada, lo que permite obtener las ventajas que dan los pl\u00e1sticos.<\/p>\t\t\t\t\t\t\t\t<\/div>\n\t\t\t\t<\/div>\n\t\t\t\t\t<\/div>\n\t\t<\/div>\n\t\t\t\t\t<\/div>\n\t\t<\/section>\n\t\t\t\t<div class=\"elementor-element elementor-element-54eff25 elementor-arrows-position-outside elementor--v-position-bottom elementor--h-position-center elementor-widget elementor-widget-slides\" data-id=\"54eff25\" data-element_type=\"widget\" data-e-type=\"widget\" data-settings=\"{&quot;navigation&quot;:&quot;arrows&quot;,&quot;autoplay_speed&quot;:4000,&quot;transition&quot;:&quot;fade&quot;,&quot;transition_speed&quot;:200,&quot;autoplay&quot;:&quot;yes&quot;,&quot;pause_on_hover&quot;:&quot;yes&quot;,&quot;pause_on_interaction&quot;:&quot;yes&quot;,&quot;infinite&quot;:&quot;yes&quot;}\" data-widget_type=\"slides.default\">\n\t\t\t\t<div class=\"elementor-widget-container\">\n\t\t\t\t\t\t\t\t\t<div class=\"elementor-swiper\">\n\t\t\t\t\t<div class=\"elementor-slides-wrapper elementor-main-swiper swiper\" role=\"region\" aria-roledescription=\"carousel\" aria-label=\"Diapositivas\" dir=\"ltr\" data-animation=\"fadeInUp\">\n\t\t\t\t<div class=\"swiper-wrapper elementor-slides\">\n\t\t\t\t\t\t\t\t\t\t<div class=\"elementor-repeater-item-c76f05a swiper-slide\" role=\"group\" aria-roledescription=\"slide\"><div class=\"swiper-slide-bg\" role=\"img\" aria-label=\"icona punto 1\"><\/div><div class=\"swiper-slide-inner\" ><div class=\"swiper-slide-contents\"><div class=\"elementor-slide-heading\"><b>SOSTENIBILIDAD<\/b><\/div><div class=\"elementor-slide-description\">AYUDA A REDUCIR EL DESPERDICIO DE ALIMENTOS A TRAV\u00c9S DE LA EXTENSI\u00d3N DE LA VIDA \u00daTIL EN LOS LINEALES DE VENTA<\/div><\/div><\/div><\/div><div class=\"elementor-repeater-item-be789d5 swiper-slide\" role=\"group\" aria-roledescription=\"slide\"><div class=\"swiper-slide-bg\" role=\"img\" aria-label=\"icona punto 2\"><\/div><div class=\"swiper-slide-inner\" ><div class=\"swiper-slide-contents\"><div class=\"elementor-slide-heading\"><b>RECICLABILIDAD<\/b><\/div><div class=\"elementor-slide-description\">Reciclable en cart\u00f3n<\/div><\/div><\/div><\/div><div class=\"elementor-repeater-item-ad05ec9 swiper-slide\" role=\"group\" aria-roledescription=\"slide\"><div class=\"swiper-slide-bg\" role=\"img\" aria-label=\"icona punto 4\"><\/div><div class=\"swiper-slide-inner\" ><div class=\"swiper-slide-contents\"><div class=\"elementor-slide-heading\"><b>OPTIMIZACI\u00d3N DE ENVASES<\/b><\/div><div class=\"elementor-slide-description\">LA ESTRUCTURA REFORZADA PERMITE SU USO EN SISTEMAS DE ENVASADO UTILIZADOS PARA ENVASES DE PL\u00c1STICO.<\/div><\/div><\/div><\/div>\t\t\t\t<\/div>\n\t\t\t\t\t\t\t\t\t\t\t\t\t\t\t<div class=\"elementor-swiper-button elementor-swiper-button-prev\" role=\"button\" tabindex=\"0\" aria-label=\"Diapositiva anterior\">\n\t\t\t\t\t\t\t<i aria-hidden=\"true\" class=\"eicon-chevron-left\"><\/i>\t\t\t\t\t\t<\/div>\n\t\t\t\t\t\t<div class=\"elementor-swiper-button elementor-swiper-button-next\" role=\"button\" tabindex=\"0\" aria-label=\"Diapositiva siguiente\">\n\t\t\t\t\t\t\t<i aria-hidden=\"true\" class=\"eicon-chevron-right\"><\/i>\t\t\t\t\t\t<\/div>\n\t\t\t\t\t\t\t\t\t\t\t\t\t\t\t\t\t<\/div>\n\t\t\t\t<\/div>\n\t\t\t\t\t\t\t\t<\/div>\n\t\t\t\t<\/div>\n\t\t\t\t\t<\/div>\n\t\t<\/div>\n\t\t\t\t<div class=\"elementor-column elementor-col-50 elementor-top-column elementor-element elementor-element-5deb833 elementor-hidden-tablet elementor-hidden-mobile\" data-id=\"5deb833\" data-element_type=\"column\" data-e-type=\"column\" data-settings=\"{&quot;background_background&quot;:&quot;classic&quot;}\">\n\t\t\t<div class=\"elementor-widget-wrap elementor-element-populated\">\n\t\t\t\t\t<div class=\"elementor-background-overlay\"><\/div>\n\t\t\t\t\t\t\t<\/div>\n\t\t<\/div>\n\t\t\t\t\t<\/div>\n\t\t<\/section>\n\t\t\t\t<section class=\"elementor-section elementor-top-section elementor-element elementor-element-80032eb elementor-section-boxed elementor-section-height-default elementor-section-height-default\" data-id=\"80032eb\" data-element_type=\"section\" data-e-type=\"section\">\n\t\t\t\t\t\t<div class=\"elementor-container elementor-column-gap-default\">\n\t\t\t\t\t<div class=\"elementor-column elementor-col-100 elementor-top-column elementor-element elementor-element-3d46a2b6\" data-id=\"3d46a2b6\" data-element_type=\"column\" data-e-type=\"column\">\n\t\t\t<div class=\"elementor-widget-wrap elementor-element-populated\">\n\t\t\t\t\t\t<div class=\"elementor-element elementor-element-7a7b38d8 elementor-widget elementor-widget-image\" data-id=\"7a7b38d8\" data-element_type=\"widget\" data-e-type=\"widget\" data-widget_type=\"image.default\">\n\t\t\t\t<div class=\"elementor-widget-container\">\n\t\t\t\t\t\t\t\t\t\t\t\t\t\t\t<img loading=\"lazy\" decoding=\"async\" width=\"400\" height=\"183\" src=\"https:\/\/gruppo-happy.it\/wp-content\/uploads\/2022\/03\/barrier_plus_logo-1.png\" class=\"attachment-large size-large wp-image-5172\" alt=\"\" srcset=\"https:\/\/gruppo-happy.it\/wp-content\/uploads\/2022\/03\/barrier_plus_logo-1.png 400w, https:\/\/gruppo-happy.it\/wp-content\/uploads\/2022\/03\/barrier_plus_logo-1-300x137.png 300w\" sizes=\"(max-width: 400px) 100vw, 400px\" title=\"barrier_plus_logo | Gruppo Happy\" \/>\t\t\t\t\t\t\t\t\t\t\t\t\t\t\t<\/div>\n\t\t\t\t<\/div>\n\t\t\t\t<div class=\"elementor-element elementor-element-c5556e7 elementor-widget elementor-widget-heading\" data-id=\"c5556e7\" data-element_type=\"widget\" data-e-type=\"widget\" data-widget_type=\"heading.default\">\n\t\t\t\t<div class=\"elementor-widget-container\">\n\t\t\t\t\t<h2 class=\"elementor-heading-title elementor-size-default\">Nuestros expertos est\u00e1n a tu disposici\u00f3n para obtener informaci\u00f3n y pruebas de campo<\/h2>\t\t\t\t<\/div>\n\t\t\t\t<\/div>\n\t\t\t\t<section class=\"elementor-section elementor-inner-section elementor-element elementor-element-13f0877 elementor-section-boxed elementor-section-height-default elementor-section-height-default\" data-id=\"13f0877\" data-element_type=\"section\" data-e-type=\"section\">\n\t\t\t\t\t\t<div class=\"elementor-container elementor-column-gap-default\">\n\t\t\t\t\t<div class=\"elementor-column elementor-col-50 elementor-inner-column elementor-element elementor-element-78c86b1\" data-id=\"78c86b1\" data-element_type=\"column\" data-e-type=\"column\">\n\t\t\t<div class=\"elementor-widget-wrap elementor-element-populated\">\n\t\t\t\t\t\t<div class=\"elementor-element elementor-element-c513c5e elementor-align-right elementor-mobile-align-center elementor-widget elementor-widget-button\" data-id=\"c513c5e\" data-element_type=\"widget\" data-e-type=\"widget\" data-widget_type=\"button.default\">\n\t\t\t\t<div class=\"elementor-widget-container\">\n\t\t\t\t\t\t\t\t\t<div class=\"elementor-button-wrapper\">\n\t\t\t\t\t<a class=\"elementor-button elementor-button-link elementor-size-md elementor-animation-grow\" href=\"https:\/\/gruppo-happy.it\/es\/para-empresas\/\">\n\t\t\t\t\t\t<span class=\"elementor-button-content-wrapper\">\n\t\t\t\t\t\t\t\t\t<span class=\"elementor-button-text\">CONT\u00c1CTANOS<\/span>\n\t\t\t\t\t<\/span>\n\t\t\t\t\t<\/a>\n\t\t\t\t<\/div>\n\t\t\t\t\t\t\t\t<\/div>\n\t\t\t\t<\/div>\n\t\t\t\t\t<\/div>\n\t\t<\/div>\n\t\t\t\t<div class=\"elementor-column elementor-col-50 elementor-inner-column elementor-element elementor-element-833f89d\" data-id=\"833f89d\" data-element_type=\"column\" data-e-type=\"column\">\n\t\t\t<div class=\"elementor-widget-wrap elementor-element-populated\">\n\t\t\t\t\t\t<div class=\"elementor-element elementor-element-68b60d8 elementor-align-left elementor-mobile-align-center elementor-widget elementor-widget-button\" data-id=\"68b60d8\" data-element_type=\"widget\" data-e-type=\"widget\" data-widget_type=\"button.default\">\n\t\t\t\t<div class=\"elementor-widget-container\">\n\t\t\t\t\t\t\t\t\t<div class=\"elementor-button-wrapper\">\n\t\t\t\t\t<a class=\"elementor-button elementor-button-link elementor-size-md elementor-animation-grow\" href=\"https:\/\/www.ipacksrl.it\/\" target=\"_blank\">\n\t\t\t\t\t\t<span class=\"elementor-button-content-wrapper\">\n\t\t\t\t\t\t\t\t\t<span class=\"elementor-button-text\">Descubre www.ipacksrl.it<\/span>\n\t\t\t\t\t<\/span>\n\t\t\t\t\t<\/a>\n\t\t\t\t<\/div>\n\t\t\t\t\t\t\t\t<\/div>\n\t\t\t\t<\/div>\n\t\t\t\t\t<\/div>\n\t\t<\/div>\n\t\t\t\t\t<\/div>\n\t\t<\/section>\n\t\t\t\t\t<\/div>\n\t\t<\/div>\n\t\t\t\t\t<\/div>\n\t\t<\/section>\n\t\t\t\t<\/div>\n\t\t","protected":false},"excerpt":{"rendered":"<p>La innovadora bandeja con un 85% de celulosa pura procedente de bosques c\u00edclicamente renovables adecuada para el envasado de alimentos en atm\u00f3sfera protectora Gracias a sus caracter\u00edsticas espec\u00edficas, se puede utilizar en las l\u00edneas sin ninguna modificaci\u00f3n particular de los moldes de sellado La particular estructura reforzada le da al contenedor una rigidez notable que [&hellip;]<\/p>\n","protected":false},"author":127,"featured_media":0,"parent":0,"menu_order":0,"comment_status":"closed","ping_status":"closed","template":"","meta":{"_acf_changed":false,"footnotes":""},"class_list":["post-5628","page","type-page","status-publish","hentry"],"acf":[],"aioseo_notices":[],"_links":{"self":[{"href":"https:\/\/gruppo-happy.it\/es\/wp-json\/wp\/v2\/pages\/5628","targetHints":{"allow":["GET"]}}],"collection":[{"href":"https:\/\/gruppo-happy.it\/es\/wp-json\/wp\/v2\/pages"}],"about":[{"href":"https:\/\/gruppo-happy.it\/es\/wp-json\/wp\/v2\/types\/page"}],"author":[{"embeddable":true,"href":"https:\/\/gruppo-happy.it\/es\/wp-json\/wp\/v2\/users\/127"}],"replies":[{"embeddable":true,"href":"https:\/\/gruppo-happy.it\/es\/wp-json\/wp\/v2\/comments?post=5628"}],"version-history":[{"count":16,"href":"https:\/\/gruppo-happy.it\/es\/wp-json\/wp\/v2\/pages\/5628\/revisions"}],"predecessor-version":[{"id":14052,"href":"https:\/\/gruppo-happy.it\/es\/wp-json\/wp\/v2\/pages\/5628\/revisions\/14052"}],"wp:attachment":[{"href":"https:\/\/gruppo-happy.it\/es\/wp-json\/wp\/v2\/media?parent=5628"}],"curies":[{"name":"wp","href":"https:\/\/api.w.org\/{rel}","templated":true}]}}