{"id":4447,"date":"2022-03-15T09:28:50","date_gmt":"2022-03-15T08:28:50","guid":{"rendered":"https:\/\/gruppo-happy.it\/aps\/"},"modified":"2023-10-19T10:12:10","modified_gmt":"2023-10-19T08:12:10","slug":"aps","status":"publish","type":"page","link":"https:\/\/gruppo-happy.it\/fr\/aps\/","title":{"rendered":"APS"},"content":{"rendered":"\t\t<div data-elementor-type=\"wp-page\" data-elementor-id=\"4447\" class=\"elementor elementor-4447 elementor-52\" data-elementor-post-type=\"page\">\n\t\t\t\t\t\t<section class=\"elementor-section elementor-top-section elementor-element elementor-element-3b23cc09 elementor-section-height-min-height elementor-section-boxed elementor-section-height-default elementor-section-items-middle\" data-id=\"3b23cc09\" data-element_type=\"section\" data-e-type=\"section\" data-settings=\"{&quot;background_background&quot;:&quot;classic&quot;}\">\n\t\t\t\t\t\t\t<div class=\"elementor-background-overlay\"><\/div>\n\t\t\t\t\t\t\t<div class=\"elementor-container elementor-column-gap-default\">\n\t\t\t\t\t<div class=\"elementor-column elementor-col-50 elementor-top-column elementor-element elementor-element-68748d77\" data-id=\"68748d77\" data-element_type=\"column\" data-e-type=\"column\">\n\t\t\t<div class=\"elementor-widget-wrap elementor-element-populated\">\n\t\t\t\t\t\t<div class=\"elementor-element elementor-element-6efa89b9 elementor-widget elementor-widget-image\" data-id=\"6efa89b9\" data-element_type=\"widget\" data-e-type=\"widget\" data-widget_type=\"image.default\">\n\t\t\t\t<div class=\"elementor-widget-container\">\n\t\t\t\t\t\t\t\t\t\t\t\t\t\t\t<img fetchpriority=\"high\" decoding=\"async\" width=\"751\" height=\"531\" src=\"https:\/\/gruppo-happy.it\/wp-content\/uploads\/2022\/03\/aps_logo_bianco.png\" class=\"attachment-large size-large wp-image-2194\" alt=\"\" srcset=\"https:\/\/gruppo-happy.it\/wp-content\/uploads\/2022\/03\/aps_logo_bianco.png 751w, https:\/\/gruppo-happy.it\/wp-content\/uploads\/2022\/03\/aps_logo_bianco-300x212.png 300w\" sizes=\"(max-width: 751px) 100vw, 751px\" title=\"aps_logo_bianco | Gruppo Happy\" \/>\t\t\t\t\t\t\t\t\t\t\t\t\t\t\t<\/div>\n\t\t\t\t<\/div>\n\t\t\t\t<div class=\"elementor-element elementor-element-14adc4b0 elementor-widget elementor-widget-heading\" data-id=\"14adc4b0\" data-element_type=\"widget\" data-e-type=\"widget\" data-widget_type=\"heading.default\">\n\t\t\t\t<div class=\"elementor-widget-container\">\n\t\t\t\t\t<h1 class=\"elementor-heading-title elementor-size-default\">Emballage mono-mat\u00e9riau innovant, recyclable et circulaire qui permet de conserver les caract\u00e9ristiques organoleptiques des aliments<\/h1>\t\t\t\t<\/div>\n\t\t\t\t<\/div>\n\t\t\t\t\t<\/div>\n\t\t<\/div>\n\t\t\t\t<div class=\"elementor-column elementor-col-50 elementor-top-column elementor-element elementor-element-45c30fea\" data-id=\"45c30fea\" data-element_type=\"column\" data-e-type=\"column\">\n\t\t\t<div class=\"elementor-widget-wrap\">\n\t\t\t\t\t\t\t<\/div>\n\t\t<\/div>\n\t\t\t\t\t<\/div>\n\t\t<\/section>\n\t\t\t\t<section class=\"elementor-section elementor-top-section elementor-element elementor-element-6576433b elementor-section-full_width elementor-reverse-mobile elementor-section-height-default elementor-section-height-default\" data-id=\"6576433b\" data-element_type=\"section\" data-e-type=\"section\">\n\t\t\t\t\t\t<div class=\"elementor-container elementor-column-gap-default\">\n\t\t\t\t\t<div class=\"elementor-column elementor-col-50 elementor-top-column elementor-element elementor-element-6c4a18c4\" data-id=\"6c4a18c4\" data-element_type=\"column\" data-e-type=\"column\" data-settings=\"{&quot;background_background&quot;:&quot;classic&quot;}\">\n\t\t\t<div class=\"elementor-widget-wrap elementor-element-populated\">\n\t\t\t\t\t\t<section class=\"elementor-section elementor-inner-section elementor-element elementor-element-3d9d3260 elementor-section-height-min-height elementor-section-boxed elementor-section-height-default\" data-id=\"3d9d3260\" data-element_type=\"section\" data-e-type=\"section\">\n\t\t\t\t\t\t<div class=\"elementor-container elementor-column-gap-default\">\n\t\t\t\t\t<div class=\"elementor-column elementor-col-50 elementor-inner-column elementor-element elementor-element-6380e422\" data-id=\"6380e422\" data-element_type=\"column\" data-e-type=\"column\">\n\t\t\t<div class=\"elementor-widget-wrap\">\n\t\t\t\t\t\t\t<\/div>\n\t\t<\/div>\n\t\t\t\t<div class=\"elementor-column elementor-col-50 elementor-inner-column elementor-element elementor-element-1ea8a482\" data-id=\"1ea8a482\" data-element_type=\"column\" data-e-type=\"column\">\n\t\t\t<div class=\"elementor-widget-wrap\">\n\t\t\t\t\t\t\t<\/div>\n\t\t<\/div>\n\t\t\t\t\t<\/div>\n\t\t<\/section>\n\t\t\t\t\t<\/div>\n\t\t<\/div>\n\t\t\t\t<div class=\"elementor-column elementor-col-50 elementor-top-column elementor-element elementor-element-4c3e197a\" data-id=\"4c3e197a\" data-element_type=\"column\" data-e-type=\"column\" data-settings=\"{&quot;background_background&quot;:&quot;gradient&quot;}\">\n\t\t\t<div class=\"elementor-widget-wrap elementor-element-populated\">\n\t\t\t\t\t\t<div class=\"elementor-element elementor-element-55e2e166 elementor-widget elementor-widget-heading\" data-id=\"55e2e166\" data-element_type=\"widget\" data-e-type=\"widget\" data-widget_type=\"heading.default\">\n\t\t\t\t<div class=\"elementor-widget-container\">\n\t\t\t\t\t<h2 class=\"elementor-heading-title elementor-size-default\">Le nouvelle barquette APS - Air Passage System repr\u00e9sente une \u00e9volution significative par rapport aux solutions actuels<\/h2>\t\t\t\t<\/div>\n\t\t\t\t<\/div>\n\t\t\t\t\t<\/div>\n\t\t<\/div>\n\t\t\t\t\t<\/div>\n\t\t<\/section>\n\t\t\t\t<section class=\"elementor-section elementor-top-section elementor-element elementor-element-399900db elementor-section-height-min-height elementor-section-boxed elementor-section-height-default elementor-section-items-middle\" data-id=\"399900db\" data-element_type=\"section\" data-e-type=\"section\">\n\t\t\t\t\t\t<div class=\"elementor-container elementor-column-gap-default\">\n\t\t\t\t\t<div class=\"elementor-column elementor-col-100 elementor-top-column elementor-element elementor-element-73d6cecd\" data-id=\"73d6cecd\" data-element_type=\"column\" data-e-type=\"column\">\n\t\t\t<div class=\"elementor-widget-wrap elementor-element-populated\">\n\t\t\t\t\t\t<div class=\"elementor-element elementor-element-76912d9e elementor-widget elementor-widget-text-editor\" data-id=\"76912d9e\" data-element_type=\"widget\" data-e-type=\"widget\" data-widget_type=\"text-editor.default\">\n\t\t\t\t<div class=\"elementor-widget-container\">\n\t\t\t\t\t\t\t\t\t<p class=\"p1\">La nouvelle barquette APS (Air Passage System) repr\u00e9sente une \u00e9volution significative par rapport \u00e0 la simple barquette avec absorbant m\u00e9canique car les <strong>effets sur les aliments<\/strong>, en particulier la <strong>viande rouge et le poisson<\/strong>, sont nombreux.<\/p><p>LES FONCTIONNALITES :\u00a0<strong>soulever les alimentsde\u00a0<\/strong>la base du r\u00e9cipient, permettre le <strong>passage du m\u00e9lange\u00a0<\/strong>gazeux entre la surface de l&rsquo;aliment et le fond de la barquette, <strong>optimiser les processus<\/strong> <strong>vide-gaz<\/strong> ou l<strong>avage au gaz<\/strong> (MAP).<\/p><p>LES AVANTAGES: <b>am\u00e9liorer les caract\u00e9ristiques organoleptiques du produit<\/b>, absence du buvard absorbant coll\u00e9 pour une s\u00e9lection optimale dans les centres de tri.<\/p>\t\t\t\t\t\t\t\t<\/div>\n\t\t\t\t<\/div>\n\t\t\t\t\t<\/div>\n\t\t<\/div>\n\t\t\t\t\t<\/div>\n\t\t<\/section>\n\t\t\t\t<section class=\"elementor-section elementor-top-section elementor-element elementor-element-2c11f509 elementor-reverse-tablet elementor-reverse-mobile elementor-section-boxed elementor-section-height-default elementor-section-height-default\" data-id=\"2c11f509\" data-element_type=\"section\" data-e-type=\"section\" data-settings=\"{&quot;background_background&quot;:&quot;classic&quot;}\">\n\t\t\t\t\t\t<div class=\"elementor-container elementor-column-gap-default\">\n\t\t\t\t\t<div class=\"elementor-column elementor-col-50 elementor-top-column elementor-element elementor-element-147b9832\" data-id=\"147b9832\" data-element_type=\"column\" data-e-type=\"column\">\n\t\t\t<div class=\"elementor-widget-wrap elementor-element-populated\">\n\t\t\t\t\t\t<section class=\"elementor-section elementor-inner-section elementor-element elementor-element-5fd8bff elementor-section-boxed elementor-section-height-default elementor-section-height-default\" data-id=\"5fd8bff\" data-element_type=\"section\" data-e-type=\"section\">\n\t\t\t\t\t\t<div class=\"elementor-container elementor-column-gap-default\">\n\t\t\t\t\t<div class=\"elementor-column elementor-col-100 elementor-inner-column elementor-element elementor-element-292b4c1b\" data-id=\"292b4c1b\" data-element_type=\"column\" data-e-type=\"column\">\n\t\t\t<div class=\"elementor-widget-wrap elementor-element-populated\">\n\t\t\t\t\t\t<div class=\"elementor-element elementor-element-43be095 elementor-widget elementor-widget-heading\" data-id=\"43be095\" data-element_type=\"widget\" data-e-type=\"widget\" data-widget_type=\"heading.default\">\n\t\t\t\t<div class=\"elementor-widget-container\">\n\t\t\t\t\t<h2 class=\"elementor-heading-title elementor-size-default\">Pourquoi choisir le conteneur APS?<\/h2>\t\t\t\t<\/div>\n\t\t\t\t<\/div>\n\t\t\t\t<div class=\"elementor-element elementor-element-f2b57d2 elementor-widget elementor-widget-text-editor\" data-id=\"f2b57d2\" data-element_type=\"widget\" data-e-type=\"widget\" data-widget_type=\"text-editor.default\">\n\t\t\t\t<div class=\"elementor-widget-container\">\n\t\t\t\t\t\t\t\t\t<p>Parce qu&rsquo;il s&rsquo;agit d&rsquo;un emballage <strong>monomat\u00e9riel<\/strong> qui pr\u00e9serve plus longtemps les <strong>CARACT\u00c9RISTIQUES ORGANOLEPTIQUES<\/strong> des aliments<strong>.<\/strong><\/p><p>En outre, il pr\u00e9sente les avantages suivants:<\/p>\t\t\t\t\t\t\t\t<\/div>\n\t\t\t\t<\/div>\n\t\t\t\t\t<\/div>\n\t\t<\/div>\n\t\t\t\t\t<\/div>\n\t\t<\/section>\n\t\t\t\t<div class=\"elementor-element elementor-element-f22a430 elementor-arrows-position-outside elementor--v-position-bottom elementor--h-position-center elementor-widget elementor-widget-slides\" data-id=\"f22a430\" data-element_type=\"widget\" data-e-type=\"widget\" data-settings=\"{&quot;navigation&quot;:&quot;arrows&quot;,&quot;autoplay_speed&quot;:4000,&quot;transition&quot;:&quot;fade&quot;,&quot;transition_speed&quot;:200,&quot;autoplay&quot;:&quot;yes&quot;,&quot;pause_on_hover&quot;:&quot;yes&quot;,&quot;pause_on_interaction&quot;:&quot;yes&quot;,&quot;infinite&quot;:&quot;yes&quot;}\" data-widget_type=\"slides.default\">\n\t\t\t\t<div class=\"elementor-widget-container\">\n\t\t\t\t\t\t\t\t\t<div class=\"elementor-swiper\">\n\t\t\t\t\t<div class=\"elementor-slides-wrapper elementor-main-swiper swiper\" role=\"region\" aria-roledescription=\"carousel\" aria-label=\"Diapositives\" dir=\"ltr\" data-animation=\"fadeInUp\">\n\t\t\t\t<div class=\"swiper-wrapper elementor-slides\">\n\t\t\t\t\t\t\t\t\t\t<div class=\"elementor-repeater-item-c76f05a swiper-slide\" role=\"group\" aria-roledescription=\"slide\"><div class=\"swiper-slide-bg\" role=\"img\" aria-label=\"icona punto 1\"><\/div><div class=\"swiper-slide-inner\" ><div class=\"swiper-slide-contents\"><div class=\"elementor-slide-heading\"><b>DURABILIT\u00c9<\/b><\/div><div class=\"elementor-slide-description\">IL CONTRIBUE \u00c0 R\u00c9DUIRE LE GASPILLAGE ALIMENTAIRE EN AUGMENTANT LA DUR\u00c9E DE CONSERVATION DE L\u2019ALIMENT<\/div><\/div><\/div><\/div><div class=\"elementor-repeater-item-be789d5 swiper-slide\" role=\"group\" aria-roledescription=\"slide\"><div class=\"swiper-slide-bg\" role=\"img\" aria-label=\"icona_punto2\"><\/div><div class=\"swiper-slide-inner\" ><div class=\"swiper-slide-contents\"><div class=\"elementor-slide-heading\"><b>RECYCLABILIT\u00c9<\/b><\/div><div class=\"elementor-slide-description\">L'EMBALLAGE MONO-MAT\u00c9RIEL FAVORISE LES PROCESSUS DE RECYCLAGE <\/div><\/div><\/div><\/div><div class=\"elementor-repeater-item-46356a6 swiper-slide\" role=\"group\" aria-roledescription=\"slide\"><div class=\"swiper-slide-bg\" role=\"img\" aria-label=\"icona_punto3\"><\/div><div class=\"swiper-slide-inner\" ><div class=\"swiper-slide-contents\"><div class=\"elementor-slide-heading\"><b>CIRCULARIT\u00c9<\/b><\/div><div class=\"elementor-slide-description\">IL PERMET D'OBTENIR UNE MATI\u00c8RE PREMI\u00c8RE SECONDAIRE DE QUALIT\u00c9 QUI PEUT \u00caTRE R\u00c9UTILIS\u00c9E POUR DIVERSES APPLICATIONS.<\/div><\/div><\/div><\/div><div class=\"elementor-repeater-item-ad05ec9 swiper-slide\" role=\"group\" aria-roledescription=\"slide\"><div class=\"swiper-slide-bg\" role=\"img\" aria-label=\"icona_punto4\"><\/div><div class=\"swiper-slide-inner\" ><div class=\"swiper-slide-contents\"><div class=\"elementor-slide-heading\"><b>OPTIMISATION<\/b> DE L'EMBALLAGE<\/div><div class=\"elementor-slide-description\">IL FAVORISE LE PASSAGE DE L'ATMOSPH\u00c8RE PROTECTRICE<\/div><\/div><\/div><\/div>\t\t\t\t<\/div>\n\t\t\t\t\t\t\t\t\t\t\t\t\t\t\t<div class=\"elementor-swiper-button elementor-swiper-button-prev\" role=\"button\" tabindex=\"0\" aria-label=\"Diapositive pr\u00e9c\u00e9dente\">\n\t\t\t\t\t\t\t<i aria-hidden=\"true\" class=\"eicon-chevron-left\"><\/i>\t\t\t\t\t\t<\/div>\n\t\t\t\t\t\t<div class=\"elementor-swiper-button elementor-swiper-button-next\" role=\"button\" tabindex=\"0\" aria-label=\"Diapositive suivante\">\n\t\t\t\t\t\t\t<i aria-hidden=\"true\" class=\"eicon-chevron-right\"><\/i>\t\t\t\t\t\t<\/div>\n\t\t\t\t\t\t\t\t\t\t\t\t\t\t\t\t\t<\/div>\n\t\t\t\t<\/div>\n\t\t\t\t\t\t\t\t<\/div>\n\t\t\t\t<\/div>\n\t\t\t\t\t<\/div>\n\t\t<\/div>\n\t\t\t\t<div class=\"elementor-column elementor-col-50 elementor-top-column elementor-element elementor-element-7a682e29\" data-id=\"7a682e29\" data-element_type=\"column\" data-e-type=\"column\" data-settings=\"{&quot;background_background&quot;:&quot;classic&quot;}\">\n\t\t\t<div class=\"elementor-widget-wrap elementor-element-populated\">\n\t\t\t\t\t<div class=\"elementor-background-overlay\"><\/div>\n\t\t\t\t\t\t\t<\/div>\n\t\t<\/div>\n\t\t\t\t\t<\/div>\n\t\t<\/section>\n\t\t\t\t<section class=\"elementor-section elementor-top-section elementor-element elementor-element-87c42c9 elementor-section-full_width elementor-section-height-default elementor-section-height-default\" data-id=\"87c42c9\" data-element_type=\"section\" data-e-type=\"section\">\n\t\t\t\t\t\t<div class=\"elementor-container elementor-column-gap-default\">\n\t\t\t\t\t<div class=\"elementor-column elementor-col-100 elementor-top-column elementor-element elementor-element-2170ae8\" data-id=\"2170ae8\" data-element_type=\"column\" data-e-type=\"column\" data-settings=\"{&quot;background_background&quot;:&quot;classic&quot;}\">\n\t\t\t<div class=\"elementor-widget-wrap elementor-element-populated\">\n\t\t\t\t\t<div class=\"elementor-background-overlay\"><\/div>\n\t\t\t\t\t\t<div class=\"elementor-element elementor-element-301e1bb elementor-widget elementor-widget-image\" data-id=\"301e1bb\" data-element_type=\"widget\" data-e-type=\"widget\" data-widget_type=\"image.default\">\n\t\t\t\t<div class=\"elementor-widget-container\">\n\t\t\t\t\t\t\t\t\t\t\t\t\t\t\t<img decoding=\"async\" width=\"800\" height=\"808\" src=\"https:\/\/gruppo-happy.it\/wp-content\/uploads\/2022\/04\/conio.jpg\" class=\"attachment-large size-large wp-image-2428\" alt=\"\" srcset=\"https:\/\/gruppo-happy.it\/wp-content\/uploads\/2022\/04\/conio.jpg 800w, https:\/\/gruppo-happy.it\/wp-content\/uploads\/2022\/04\/conio-297x300.jpg 297w, https:\/\/gruppo-happy.it\/wp-content\/uploads\/2022\/04\/conio-768x776.jpg 768w\" sizes=\"(max-width: 800px) 100vw, 800px\" title=\"conio | Gruppo Happy\" \/>\t\t\t\t\t\t\t\t\t\t\t\t\t\t\t<\/div>\n\t\t\t\t<\/div>\n\t\t\t\t<section class=\"elementor-section elementor-inner-section elementor-element elementor-element-372ce54 elementor-section-boxed elementor-section-height-default elementor-section-height-default\" data-id=\"372ce54\" data-element_type=\"section\" data-e-type=\"section\">\n\t\t\t\t\t\t<div class=\"elementor-container elementor-column-gap-default\">\n\t\t\t\t\t<div class=\"elementor-column elementor-col-50 elementor-inner-column elementor-element elementor-element-ab160b7\" data-id=\"ab160b7\" data-element_type=\"column\" data-e-type=\"column\">\n\t\t\t<div class=\"elementor-widget-wrap elementor-element-populated\">\n\t\t\t\t\t\t<div class=\"elementor-element elementor-element-d057198 elementor-widget elementor-widget-heading\" data-id=\"d057198\" data-element_type=\"widget\" data-e-type=\"widget\" data-widget_type=\"heading.default\">\n\t\t\t\t<div class=\"elementor-widget-container\">\n\t\t\t\t\t<h2 class=\"elementor-heading-title elementor-size-default\">Les nouvelles barquettes APS ont \u00e9t\u00e9 class\u00e9es parmi les laur\u00e9ats de l'\u00e9dition 2021 de l'appel \u00e0 l'\u00e9coconception:\nfaciliter les activit\u00e9s de recyclage. <\/h2>\t\t\t\t<\/div>\n\t\t\t\t<\/div>\n\t\t\t\t<div class=\"elementor-element elementor-element-1500af2 elementor-widget elementor-widget-text-editor\" data-id=\"1500af2\" data-element_type=\"widget\" data-e-type=\"widget\" data-widget_type=\"text-editor.default\">\n\t\t\t\t<div class=\"elementor-widget-container\">\n\t\t\t\t\t\t\t\t\t<p>initiative soutenue par CONAI &#8211; Consortium national de l&#8217;emballage et parrain\u00e9e par le minist\u00e8re de l&rsquo;environnement.<\/p>\t\t\t\t\t\t\t\t<\/div>\n\t\t\t\t<\/div>\n\t\t\t\t\t<\/div>\n\t\t<\/div>\n\t\t\t\t<div class=\"elementor-column elementor-col-50 elementor-inner-column elementor-element elementor-element-aa4c132\" data-id=\"aa4c132\" data-element_type=\"column\" data-e-type=\"column\">\n\t\t\t<div class=\"elementor-widget-wrap\">\n\t\t\t\t\t\t\t<\/div>\n\t\t<\/div>\n\t\t\t\t\t<\/div>\n\t\t<\/section>\n\t\t\t\t\t<\/div>\n\t\t<\/div>\n\t\t\t\t\t<\/div>\n\t\t<\/section>\n\t\t\t\t<section class=\"elementor-section elementor-top-section elementor-element elementor-element-6fbfe1c0 elementor-section-boxed elementor-section-height-default elementor-section-height-default\" data-id=\"6fbfe1c0\" data-element_type=\"section\" data-e-type=\"section\">\n\t\t\t\t\t\t<div class=\"elementor-container elementor-column-gap-default\">\n\t\t\t\t\t<div class=\"elementor-column elementor-col-100 elementor-top-column elementor-element elementor-element-2af08c87\" data-id=\"2af08c87\" data-element_type=\"column\" data-e-type=\"column\">\n\t\t\t<div class=\"elementor-widget-wrap elementor-element-populated\">\n\t\t\t\t\t\t<div class=\"elementor-element elementor-element-482d4735 elementor-widget elementor-widget-image\" data-id=\"482d4735\" data-element_type=\"widget\" data-e-type=\"widget\" data-widget_type=\"image.default\">\n\t\t\t\t<div class=\"elementor-widget-container\">\n\t\t\t\t\t\t\t\t\t\t\t\t\t\t\t<img decoding=\"async\" width=\"271\" height=\"124\" src=\"https:\/\/gruppo-happy.it\/wp-content\/uploads\/2022\/03\/aps-1.png\" class=\"attachment-large size-large wp-image-2238\" alt=\"\" title=\"aps | Gruppo Happy\" \/>\t\t\t\t\t\t\t\t\t\t\t\t\t\t\t<\/div>\n\t\t\t\t<\/div>\n\t\t\t\t<div class=\"elementor-element elementor-element-76482e28 elementor-widget elementor-widget-heading\" data-id=\"76482e28\" data-element_type=\"widget\" data-e-type=\"widget\" data-widget_type=\"heading.default\">\n\t\t\t\t<div class=\"elementor-widget-container\">\n\t\t\t\t\t<h2 class=\"elementor-heading-title elementor-size-default\">Nos experts sont \u00e0 votre disposition<\/h2>\t\t\t\t<\/div>\n\t\t\t\t<\/div>\n\t\t\t\t<div class=\"elementor-element elementor-element-6b17cba1 elementor-align-center elementor-mobile-align-center elementor-widget elementor-widget-button\" data-id=\"6b17cba1\" data-element_type=\"widget\" data-e-type=\"widget\" data-widget_type=\"button.default\">\n\t\t\t\t<div class=\"elementor-widget-container\">\n\t\t\t\t\t\t\t\t\t<div class=\"elementor-button-wrapper\">\n\t\t\t\t\t<a class=\"elementor-button elementor-button-link elementor-size-md elementor-animation-grow\" href=\"https:\/\/gruppo-happy.it\/fr\/pour-les-entreprises\/\">\n\t\t\t\t\t\t<span class=\"elementor-button-content-wrapper\">\n\t\t\t\t\t\t\t\t\t<span class=\"elementor-button-text\">CONTACTEZ-NOUS<\/span>\n\t\t\t\t\t<\/span>\n\t\t\t\t\t<\/a>\n\t\t\t\t<\/div>\n\t\t\t\t\t\t\t\t<\/div>\n\t\t\t\t<\/div>\n\t\t\t\t<div class=\"elementor-element elementor-element-23b06ce elementor-widget-divider--view-line elementor-widget elementor-widget-divider\" data-id=\"23b06ce\" data-element_type=\"widget\" data-e-type=\"widget\" data-widget_type=\"divider.default\">\n\t\t\t\t<div class=\"elementor-widget-container\">\n\t\t\t\t\t\t\t<div class=\"elementor-divider\">\n\t\t\t<span class=\"elementor-divider-separator\">\n\t\t\t\t\t\t<\/span>\n\t\t<\/div>\n\t\t\t\t\t\t<\/div>\n\t\t\t\t<\/div>\n\t\t\t\t<div class=\"elementor-element elementor-element-a7df974 elementor-widget elementor-widget-image\" data-id=\"a7df974\" data-element_type=\"widget\" data-e-type=\"widget\" data-widget_type=\"image.default\">\n\t\t\t\t<div class=\"elementor-widget-container\">\n\t\t\t\t\t\t\t\t\t\t\t\t\t\t\t<img loading=\"lazy\" decoding=\"async\" width=\"288\" height=\"77\" src=\"https:\/\/gruppo-happy.it\/wp-content\/uploads\/2022\/05\/download.png\" class=\"attachment-large size-large wp-image-3393\" alt=\"\" title=\"download | Gruppo Happy\" \/>\t\t\t\t\t\t\t\t\t\t\t\t\t\t\t<\/div>\n\t\t\t\t<\/div>\n\t\t\t\t<div class=\"elementor-element elementor-element-3d9c7e1 elementor-align-center elementor-mobile-align-center elementor-widget elementor-widget-button\" data-id=\"3d9c7e1\" data-element_type=\"widget\" data-e-type=\"widget\" data-widget_type=\"button.default\">\n\t\t\t\t<div class=\"elementor-widget-container\">\n\t\t\t\t\t\t\t\t\t<div class=\"elementor-button-wrapper\">\n\t\t\t\t\t<a class=\"elementor-button elementor-button-link elementor-size-md elementor-animation-grow\" href=\"https:\/\/environdec.com\/library\/epd2078\" target=\"_blank\">\n\t\t\t\t\t\t<span class=\"elementor-button-content-wrapper\">\n\t\t\t\t\t\t\t\t\t<span class=\"elementor-button-text\">CONSULTER L'EPD<\/span>\n\t\t\t\t\t<\/span>\n\t\t\t\t\t<\/a>\n\t\t\t\t<\/div>\n\t\t\t\t\t\t\t\t<\/div>\n\t\t\t\t<\/div>\n\t\t\t\t\t<\/div>\n\t\t<\/div>\n\t\t\t\t\t<\/div>\n\t\t<\/section>\n\t\t\t\t<\/div>\n\t\t","protected":false},"excerpt":{"rendered":"<p>Emballage mono-mat\u00e9riau innovant, recyclable et circulaire qui permet de conserver les caract\u00e9ristiques organoleptiques des aliments Le nouvelle barquette APS &#8211; Air Passage System repr\u00e9sente une \u00e9volution significative par rapport aux solutions actuels La nouvelle barquette APS (Air Passage System) repr\u00e9sente une \u00e9volution significative par rapport \u00e0 la simple barquette avec absorbant m\u00e9canique car les effets [&hellip;]<\/p>\n","protected":false},"author":127,"featured_media":0,"parent":0,"menu_order":0,"comment_status":"closed","ping_status":"closed","template":"","meta":{"_acf_changed":false,"footnotes":""},"class_list":["post-4447","page","type-page","status-publish","hentry"],"acf":[],"aioseo_notices":[],"_links":{"self":[{"href":"https:\/\/gruppo-happy.it\/fr\/wp-json\/wp\/v2\/pages\/4447","targetHints":{"allow":["GET"]}}],"collection":[{"href":"https:\/\/gruppo-happy.it\/fr\/wp-json\/wp\/v2\/pages"}],"about":[{"href":"https:\/\/gruppo-happy.it\/fr\/wp-json\/wp\/v2\/types\/page"}],"author":[{"embeddable":true,"href":"https:\/\/gruppo-happy.it\/fr\/wp-json\/wp\/v2\/users\/127"}],"replies":[{"embeddable":true,"href":"https:\/\/gruppo-happy.it\/fr\/wp-json\/wp\/v2\/comments?post=4447"}],"version-history":[{"count":27,"href":"https:\/\/gruppo-happy.it\/fr\/wp-json\/wp\/v2\/pages\/4447\/revisions"}],"predecessor-version":[{"id":12081,"href":"https:\/\/gruppo-happy.it\/fr\/wp-json\/wp\/v2\/pages\/4447\/revisions\/12081"}],"wp:attachment":[{"href":"https:\/\/gruppo-happy.it\/fr\/wp-json\/wp\/v2\/media?parent=4447"}],"curies":[{"name":"wp","href":"https:\/\/api.w.org\/{rel}","templated":true}]}}