{"id":4452,"date":"2022-03-15T09:29:00","date_gmt":"2022-03-15T08:29:00","guid":{"rendered":"https:\/\/gruppo-happy.it\/barrier\/"},"modified":"2023-12-29T17:19:52","modified_gmt":"2023-12-29T16:19:52","slug":"barrier","status":"publish","type":"page","link":"https:\/\/gruppo-happy.it\/fr\/barrier\/","title":{"rendered":"Barrier +"},"content":{"rendered":"\t\t<div data-elementor-type=\"wp-page\" data-elementor-id=\"4452\" class=\"elementor elementor-4452 elementor-53\" data-elementor-post-type=\"page\">\n\t\t\t\t\t\t<section class=\"elementor-section elementor-top-section elementor-element elementor-element-40cec90d elementor-section-boxed elementor-section-height-default elementor-section-height-default\" data-id=\"40cec90d\" data-element_type=\"section\" data-e-type=\"section\" data-settings=\"{&quot;background_background&quot;:&quot;classic&quot;}\">\n\t\t\t\t\t\t\t<div class=\"elementor-background-overlay\"><\/div>\n\t\t\t\t\t\t\t<div class=\"elementor-container elementor-column-gap-default\">\n\t\t\t\t\t<div class=\"elementor-column elementor-col-50 elementor-top-column elementor-element elementor-element-3c5e578e\" data-id=\"3c5e578e\" data-element_type=\"column\" data-e-type=\"column\">\n\t\t\t<div class=\"elementor-widget-wrap elementor-element-populated\">\n\t\t\t\t\t\t<div class=\"elementor-element elementor-element-4c5c96ee elementor-widget elementor-widget-image\" data-id=\"4c5c96ee\" data-element_type=\"widget\" data-e-type=\"widget\" data-widget_type=\"image.default\">\n\t\t\t\t<div class=\"elementor-widget-container\">\n\t\t\t\t\t\t\t\t\t\t\t\t\t\t\t<img fetchpriority=\"high\" decoding=\"async\" width=\"400\" height=\"183\" src=\"https:\/\/gruppo-happy.it\/wp-content\/uploads\/2022\/03\/barrier_plus_logo_white.png\" class=\"attachment-large size-large wp-image-2246\" alt=\"\" srcset=\"https:\/\/gruppo-happy.it\/wp-content\/uploads\/2022\/03\/barrier_plus_logo_white.png 400w, https:\/\/gruppo-happy.it\/wp-content\/uploads\/2022\/03\/barrier_plus_logo_white-300x137.png 300w\" sizes=\"(max-width: 400px) 100vw, 400px\" title=\"barrier_plus_logo_white | Gruppo Happy\" \/>\t\t\t\t\t\t\t\t\t\t\t\t\t\t\t<\/div>\n\t\t\t\t<\/div>\n\t\t\t\t<div class=\"elementor-element elementor-element-7fe9631d elementor-widget elementor-widget-heading\" data-id=\"7fe9631d\" data-element_type=\"widget\" data-e-type=\"widget\" data-widget_type=\"heading.default\">\n\t\t\t\t<div class=\"elementor-widget-container\">\n\t\t\t\t\t<h1 class=\"elementor-heading-title elementor-size-default\">La barquette innovante, id\u00e9ale pour le conditionnement des aliments sous atmosph\u00e8re protectrice, compos\u00e9e \u00e0 85% de pure cellulose issue de for\u00eats cycliquement renouvel\u00e9es<\/h1>\t\t\t\t<\/div>\n\t\t\t\t<\/div>\n\t\t\t\t\t<\/div>\n\t\t<\/div>\n\t\t\t\t<div class=\"elementor-column elementor-col-50 elementor-top-column elementor-element elementor-element-464b885c\" data-id=\"464b885c\" data-element_type=\"column\" data-e-type=\"column\">\n\t\t\t<div class=\"elementor-widget-wrap elementor-element-populated\">\n\t\t\t\t\t\t<div class=\"elementor-element elementor-element-7c151fb elementor-widget elementor-widget-image\" data-id=\"7c151fb\" data-element_type=\"widget\" data-e-type=\"widget\" data-widget_type=\"image.default\">\n\t\t\t\t<div class=\"elementor-widget-container\">\n\t\t\t\t\t\t\t\t\t\t\t\t\t\t\t<img decoding=\"async\" width=\"800\" height=\"541\" src=\"https:\/\/gruppo-happy.it\/wp-content\/uploads\/2022\/05\/barrier_plus-1024x693.png\" class=\"attachment-large size-large wp-image-2788\" alt=\"\" srcset=\"https:\/\/gruppo-happy.it\/wp-content\/uploads\/2022\/05\/barrier_plus-1024x693.png 1024w, https:\/\/gruppo-happy.it\/wp-content\/uploads\/2022\/05\/barrier_plus-300x203.png 300w, https:\/\/gruppo-happy.it\/wp-content\/uploads\/2022\/05\/barrier_plus-768x519.png 768w, https:\/\/gruppo-happy.it\/wp-content\/uploads\/2022\/05\/barrier_plus.png 1140w\" sizes=\"(max-width: 800px) 100vw, 800px\" title=\"barrier_plus | Gruppo Happy\" \/>\t\t\t\t\t\t\t\t\t\t\t\t\t\t\t<\/div>\n\t\t\t\t<\/div>\n\t\t\t\t\t<\/div>\n\t\t<\/div>\n\t\t\t\t\t<\/div>\n\t\t<\/section>\n\t\t\t\t<section class=\"elementor-section elementor-top-section elementor-element elementor-element-6e44f6c7 elementor-section-full_width elementor-reverse-mobile elementor-section-height-default elementor-section-height-default\" data-id=\"6e44f6c7\" data-element_type=\"section\" data-e-type=\"section\">\n\t\t\t\t\t\t<div class=\"elementor-container elementor-column-gap-default\">\n\t\t\t\t\t<div class=\"elementor-column elementor-col-50 elementor-top-column elementor-element elementor-element-754186cf\" data-id=\"754186cf\" data-element_type=\"column\" data-e-type=\"column\" data-settings=\"{&quot;background_background&quot;:&quot;classic&quot;}\">\n\t\t\t<div class=\"elementor-widget-wrap elementor-element-populated\">\n\t\t\t\t\t\t<section class=\"elementor-section elementor-inner-section elementor-element elementor-element-6455d66a elementor-section-height-min-height elementor-section-boxed elementor-section-height-default\" data-id=\"6455d66a\" data-element_type=\"section\" data-e-type=\"section\">\n\t\t\t\t\t\t<div class=\"elementor-container elementor-column-gap-default\">\n\t\t\t\t\t<div class=\"elementor-column elementor-col-50 elementor-inner-column elementor-element elementor-element-691051d4\" data-id=\"691051d4\" data-element_type=\"column\" data-e-type=\"column\">\n\t\t\t<div class=\"elementor-widget-wrap\">\n\t\t\t\t\t\t\t<\/div>\n\t\t<\/div>\n\t\t\t\t<div class=\"elementor-column elementor-col-50 elementor-inner-column elementor-element elementor-element-764c1e97\" data-id=\"764c1e97\" data-element_type=\"column\" data-e-type=\"column\">\n\t\t\t<div class=\"elementor-widget-wrap\">\n\t\t\t\t\t\t\t<\/div>\n\t\t<\/div>\n\t\t\t\t\t<\/div>\n\t\t<\/section>\n\t\t\t\t\t<\/div>\n\t\t<\/div>\n\t\t\t\t<div class=\"elementor-column elementor-col-50 elementor-top-column elementor-element elementor-element-2cfa7dab\" data-id=\"2cfa7dab\" data-element_type=\"column\" data-e-type=\"column\" data-settings=\"{&quot;background_background&quot;:&quot;gradient&quot;}\">\n\t\t\t<div class=\"elementor-widget-wrap elementor-element-populated\">\n\t\t\t\t\t\t<div class=\"elementor-element elementor-element-679a97fa elementor-widget elementor-widget-heading\" data-id=\"679a97fa\" data-element_type=\"widget\" data-e-type=\"widget\" data-widget_type=\"heading.default\">\n\t\t\t\t<div class=\"elementor-widget-container\">\n\t\t\t\t\t<h2 class=\"elementor-heading-title elementor-size-default\">Gr\u00e2ce \u00e0 sa versatilit\u00e9, elle peut \u00eatre utilis\u00e9e sur les machines d'emballage sans aucune modification des moules de soudure<\/h2>\t\t\t\t<\/div>\n\t\t\t\t<\/div>\n\t\t\t\t\t<\/div>\n\t\t<\/div>\n\t\t\t\t\t<\/div>\n\t\t<\/section>\n\t\t\t\t<section class=\"elementor-section elementor-top-section elementor-element elementor-element-5e38284c elementor-section-height-min-height elementor-section-boxed elementor-section-height-default elementor-section-items-middle\" data-id=\"5e38284c\" data-element_type=\"section\" data-e-type=\"section\">\n\t\t\t\t\t\t<div class=\"elementor-container elementor-column-gap-default\">\n\t\t\t\t\t<div class=\"elementor-column elementor-col-100 elementor-top-column elementor-element elementor-element-6ab923e6\" data-id=\"6ab923e6\" data-element_type=\"column\" data-e-type=\"column\">\n\t\t\t<div class=\"elementor-widget-wrap elementor-element-populated\">\n\t\t\t\t\t\t<div class=\"elementor-element elementor-element-2bd6068a elementor-widget elementor-widget-text-editor\" data-id=\"2bd6068a\" data-element_type=\"widget\" data-e-type=\"widget\" data-widget_type=\"text-editor.default\">\n\t\t\t\t<div class=\"elementor-widget-container\">\n\t\t\t\t\t\t\t\t\t<p class=\"p2\">La structure renforc\u00e9e de la barquette lui conf\u00e8re un niveau <b>\u00e9lev\u00e9 de rigidit\u00e9<\/b>, ce qui la rend <b>apte \u00e0 toutes les op\u00e9rations de manipulation et de passage<\/b> tout au long du process de production.<span class=\"Apple-converted-space\"> <\/span><\/p>\n<p class=\"p2\">La <b>rigidit\u00e9 de la structure<\/b> de la barquette et la<b> qualit\u00e9 du carton<\/b> en pure cellulose permettent \u00e0 l&#8217;emballage de <b>prot\u00e9ger au mieux les aliments pendant les nombreux passages<\/b> des sites de production aux rayons de la grande distribution, jusqu&rsquo;au consommateur final, en garantissant leur conservation <b>sans que le carton ne faiblisse<\/b>, m\u00eame en cas de superposition des emballages.<span class=\"Apple-converted-space\"> <\/span><\/p>\n<p class=\"p2\">Les barquettes BARRIER+<b> peuvent \u00eatre personnalis\u00e9es<\/b> selon les besoins du client avec des informations, des illustrations, des logos d&rsquo;entreprise et des modes d&#8217;emploi. Le carton est <b>imprim\u00e9 en flexographie avec des encres \u00e0 base d&rsquo;eau<\/b>, certifi\u00e9es pour le <b>contact alimentaire indirect et r\u00e9sistantes \u00e0 des temp\u00e9ratures \u00e9lev\u00e9es<\/b>.<span class=\"Apple-converted-space\"> <\/span><\/p>\t\t\t\t\t\t\t\t<\/div>\n\t\t\t\t<\/div>\n\t\t\t\t\t<\/div>\n\t\t<\/div>\n\t\t\t\t\t<\/div>\n\t\t<\/section>\n\t\t\t\t<section class=\"elementor-section elementor-top-section elementor-element elementor-element-296c112 elementor-section-full_width elementor-section-height-default elementor-section-height-default\" data-id=\"296c112\" data-element_type=\"section\" data-e-type=\"section\">\n\t\t\t\t\t\t<div class=\"elementor-container elementor-column-gap-default\">\n\t\t\t\t\t<div class=\"elementor-column elementor-col-100 elementor-top-column elementor-element elementor-element-83c1d3d\" data-id=\"83c1d3d\" data-element_type=\"column\" data-e-type=\"column\">\n\t\t\t<div class=\"elementor-widget-wrap elementor-element-populated\">\n\t\t\t\t\t\t<div class=\"elementor-element elementor-element-f281e96 elementor-widget elementor-widget-image\" data-id=\"f281e96\" data-element_type=\"widget\" data-e-type=\"widget\" data-widget_type=\"image.default\">\n\t\t\t\t<div class=\"elementor-widget-container\">\n\t\t\t\t\t\t\t\t\t\t\t\t\t\t\t<img decoding=\"async\" width=\"800\" height=\"400\" src=\"https:\/\/gruppo-happy.it\/wp-content\/uploads\/2022\/05\/2custom_2-1-1024x512.jpg\" class=\"attachment-large size-large wp-image-3190\" alt=\"\" srcset=\"https:\/\/gruppo-happy.it\/wp-content\/uploads\/2022\/05\/2custom_2-1-1024x512.jpg 1024w, https:\/\/gruppo-happy.it\/wp-content\/uploads\/2022\/05\/2custom_2-1-300x150.jpg 300w, https:\/\/gruppo-happy.it\/wp-content\/uploads\/2022\/05\/2custom_2-1-768x384.jpg 768w, https:\/\/gruppo-happy.it\/wp-content\/uploads\/2022\/05\/2custom_2-1.jpg 1400w\" sizes=\"(max-width: 800px) 100vw, 800px\" title=\"2custom_2 | Gruppo Happy\" \/>\t\t\t\t\t\t\t\t\t\t\t\t\t\t\t<\/div>\n\t\t\t\t<\/div>\n\t\t\t\t\t<\/div>\n\t\t<\/div>\n\t\t\t\t\t<\/div>\n\t\t<\/section>\n\t\t\t\t<section class=\"elementor-section elementor-top-section elementor-element elementor-element-5d37a1d elementor-reverse-tablet elementor-reverse-mobile elementor-section-boxed elementor-section-height-default elementor-section-height-default\" data-id=\"5d37a1d\" data-element_type=\"section\" data-e-type=\"section\" data-settings=\"{&quot;background_background&quot;:&quot;classic&quot;}\">\n\t\t\t\t\t\t<div class=\"elementor-container elementor-column-gap-default\">\n\t\t\t\t\t<div class=\"elementor-column elementor-col-50 elementor-top-column elementor-element elementor-element-d80fc6f\" data-id=\"d80fc6f\" data-element_type=\"column\" data-e-type=\"column\">\n\t\t\t<div class=\"elementor-widget-wrap elementor-element-populated\">\n\t\t\t\t\t\t<section class=\"elementor-section elementor-inner-section elementor-element elementor-element-b847047 elementor-section-boxed elementor-section-height-default elementor-section-height-default\" data-id=\"b847047\" data-element_type=\"section\" data-e-type=\"section\">\n\t\t\t\t\t\t<div class=\"elementor-container elementor-column-gap-default\">\n\t\t\t\t\t<div class=\"elementor-column elementor-col-100 elementor-inner-column elementor-element elementor-element-1ce4e4f\" data-id=\"1ce4e4f\" data-element_type=\"column\" data-e-type=\"column\">\n\t\t\t<div class=\"elementor-widget-wrap elementor-element-populated\">\n\t\t\t\t\t\t<div class=\"elementor-element elementor-element-e8aaec9 elementor-widget elementor-widget-heading\" data-id=\"e8aaec9\" data-element_type=\"widget\" data-e-type=\"widget\" data-widget_type=\"heading.default\">\n\t\t\t\t<div class=\"elementor-widget-container\">\n\t\t\t\t\t<h2 class=\"elementor-heading-title elementor-size-default\">Pourquoi choisir la barquette Barrier+?<\/h2>\t\t\t\t<\/div>\n\t\t\t\t<\/div>\n\t\t\t\t<div class=\"elementor-element elementor-element-91cff8c elementor-widget elementor-widget-text-editor\" data-id=\"91cff8c\" data-element_type=\"widget\" data-e-type=\"widget\" data-widget_type=\"text-editor.default\">\n\t\t\t\t<div class=\"elementor-widget-container\">\n\t\t\t\t\t\t\t\t\t<p class=\"p2\">Car elle offre une solution en <strong>PURE CELLULOSE<\/strong>, avec des <strong>PROPRIETES BARRIERE<\/strong>, comme alternative au plastique<\/p>\t\t\t\t\t\t\t\t<\/div>\n\t\t\t\t<\/div>\n\t\t\t\t\t<\/div>\n\t\t<\/div>\n\t\t\t\t\t<\/div>\n\t\t<\/section>\n\t\t\t\t<div class=\"elementor-element elementor-element-54eff25 elementor-arrows-position-outside elementor--v-position-bottom elementor--h-position-center elementor-widget elementor-widget-slides\" data-id=\"54eff25\" data-element_type=\"widget\" data-e-type=\"widget\" data-settings=\"{&quot;navigation&quot;:&quot;arrows&quot;,&quot;autoplay_speed&quot;:4000,&quot;transition&quot;:&quot;fade&quot;,&quot;transition_speed&quot;:200,&quot;autoplay&quot;:&quot;yes&quot;,&quot;pause_on_hover&quot;:&quot;yes&quot;,&quot;pause_on_interaction&quot;:&quot;yes&quot;,&quot;infinite&quot;:&quot;yes&quot;}\" data-widget_type=\"slides.default\">\n\t\t\t\t<div class=\"elementor-widget-container\">\n\t\t\t\t\t\t\t\t\t<div class=\"elementor-swiper\">\n\t\t\t\t\t<div class=\"elementor-slides-wrapper elementor-main-swiper swiper\" role=\"region\" aria-roledescription=\"carousel\" aria-label=\"Diapositives\" dir=\"ltr\" data-animation=\"fadeInUp\">\n\t\t\t\t<div class=\"swiper-wrapper elementor-slides\">\n\t\t\t\t\t\t\t\t\t\t<div class=\"elementor-repeater-item-c76f05a swiper-slide\" role=\"group\" aria-roledescription=\"slide\"><div class=\"swiper-slide-bg\" role=\"img\" aria-label=\"icona punto 1\"><\/div><div class=\"swiper-slide-inner\" ><div class=\"swiper-slide-contents\"><div class=\"elementor-slide-heading\"><b>DURABILIT\u00c9<\/b><\/div><div class=\"elementor-slide-description\">CONTRIBUE \u00c0 R\u00c9DUIRE LES D\u00c9CHETS ALIMENTAIRES GR\u00c2CE \u00c0 UNE CONSERVATION DE LONGUE PERIODE<\/div><\/div><\/div><\/div><div class=\"elementor-repeater-item-be789d5 swiper-slide\" role=\"group\" aria-roledescription=\"slide\"><div class=\"swiper-slide-bg\" role=\"img\" aria-label=\"icona punto 2\"><\/div><div class=\"swiper-slide-inner\" ><div class=\"swiper-slide-contents\"><div class=\"elementor-slide-heading\"><b>RECYCLABILIT\u00c9<\/b><\/div><div class=\"elementor-slide-description\">Recyclable dans le carton<\/div><\/div><\/div><\/div><div class=\"elementor-repeater-item-ad05ec9 swiper-slide\" role=\"group\" aria-roledescription=\"slide\"><div class=\"swiper-slide-bg\" role=\"img\" aria-label=\"icona punto 4\"><\/div><div class=\"swiper-slide-inner\" ><div class=\"swiper-slide-contents\"><div class=\"elementor-slide-heading\"><b>OPTIMISATION<\/b> DE L'EMBALLAGE<\/div><div class=\"elementor-slide-description\">LA STRUCTURE RENFORC\u00c9E PERMET DE L'UTILISER DANS DES SYST\u00c8MES D'EMBALLAGE UTILIS\u00c9S POUR LES PRODUITS EN PLASTIQUE<\/div><\/div><\/div><\/div>\t\t\t\t<\/div>\n\t\t\t\t\t\t\t\t\t\t\t\t\t\t\t<div class=\"elementor-swiper-button elementor-swiper-button-prev\" role=\"button\" tabindex=\"0\" aria-label=\"Diapositive pr\u00e9c\u00e9dente\">\n\t\t\t\t\t\t\t<i aria-hidden=\"true\" class=\"eicon-chevron-left\"><\/i>\t\t\t\t\t\t<\/div>\n\t\t\t\t\t\t<div class=\"elementor-swiper-button elementor-swiper-button-next\" role=\"button\" tabindex=\"0\" aria-label=\"Diapositive suivante\">\n\t\t\t\t\t\t\t<i aria-hidden=\"true\" class=\"eicon-chevron-right\"><\/i>\t\t\t\t\t\t<\/div>\n\t\t\t\t\t\t\t\t\t\t\t\t\t\t\t\t\t<\/div>\n\t\t\t\t<\/div>\n\t\t\t\t\t\t\t\t<\/div>\n\t\t\t\t<\/div>\n\t\t\t\t\t<\/div>\n\t\t<\/div>\n\t\t\t\t<div class=\"elementor-column elementor-col-50 elementor-top-column elementor-element elementor-element-5deb833 elementor-hidden-tablet elementor-hidden-mobile\" data-id=\"5deb833\" data-element_type=\"column\" data-e-type=\"column\" data-settings=\"{&quot;background_background&quot;:&quot;classic&quot;}\">\n\t\t\t<div class=\"elementor-widget-wrap elementor-element-populated\">\n\t\t\t\t\t<div class=\"elementor-background-overlay\"><\/div>\n\t\t\t\t\t\t\t<\/div>\n\t\t<\/div>\n\t\t\t\t\t<\/div>\n\t\t<\/section>\n\t\t\t\t<section class=\"elementor-section elementor-top-section elementor-element elementor-element-80032eb elementor-section-boxed elementor-section-height-default elementor-section-height-default\" data-id=\"80032eb\" data-element_type=\"section\" data-e-type=\"section\">\n\t\t\t\t\t\t<div class=\"elementor-container elementor-column-gap-default\">\n\t\t\t\t\t<div class=\"elementor-column elementor-col-100 elementor-top-column elementor-element elementor-element-3d46a2b6\" data-id=\"3d46a2b6\" data-element_type=\"column\" data-e-type=\"column\">\n\t\t\t<div class=\"elementor-widget-wrap elementor-element-populated\">\n\t\t\t\t\t\t<div class=\"elementor-element elementor-element-7a7b38d8 elementor-widget elementor-widget-image\" data-id=\"7a7b38d8\" data-element_type=\"widget\" data-e-type=\"widget\" data-widget_type=\"image.default\">\n\t\t\t\t<div class=\"elementor-widget-container\">\n\t\t\t\t\t\t\t\t\t\t\t\t\t\t\t<img loading=\"lazy\" decoding=\"async\" width=\"400\" height=\"183\" src=\"https:\/\/gruppo-happy.it\/wp-content\/uploads\/2022\/03\/barrier_plus_logo-1.png\" class=\"attachment-large size-large wp-image-2248\" alt=\"\" srcset=\"https:\/\/gruppo-happy.it\/wp-content\/uploads\/2022\/03\/barrier_plus_logo-1.png 400w, https:\/\/gruppo-happy.it\/wp-content\/uploads\/2022\/03\/barrier_plus_logo-1-300x137.png 300w\" sizes=\"(max-width: 400px) 100vw, 400px\" title=\"barrier_plus_logo | Gruppo Happy\" \/>\t\t\t\t\t\t\t\t\t\t\t\t\t\t\t<\/div>\n\t\t\t\t<\/div>\n\t\t\t\t<div class=\"elementor-element elementor-element-c5556e7 elementor-widget elementor-widget-heading\" data-id=\"c5556e7\" data-element_type=\"widget\" data-e-type=\"widget\" data-widget_type=\"heading.default\">\n\t\t\t\t<div class=\"elementor-widget-container\">\n\t\t\t\t\t<h2 class=\"elementor-heading-title elementor-size-default\">Nos experts sont \u00e0 votre disposition<\/h2>\t\t\t\t<\/div>\n\t\t\t\t<\/div>\n\t\t\t\t<section class=\"elementor-section elementor-inner-section elementor-element elementor-element-13f0877 elementor-section-boxed elementor-section-height-default elementor-section-height-default\" data-id=\"13f0877\" data-element_type=\"section\" data-e-type=\"section\">\n\t\t\t\t\t\t<div class=\"elementor-container elementor-column-gap-default\">\n\t\t\t\t\t<div class=\"elementor-column elementor-col-50 elementor-inner-column elementor-element elementor-element-78c86b1\" data-id=\"78c86b1\" data-element_type=\"column\" data-e-type=\"column\">\n\t\t\t<div class=\"elementor-widget-wrap elementor-element-populated\">\n\t\t\t\t\t\t<div class=\"elementor-element elementor-element-c513c5e elementor-align-right elementor-mobile-align-center elementor-widget elementor-widget-button\" data-id=\"c513c5e\" data-element_type=\"widget\" data-e-type=\"widget\" data-widget_type=\"button.default\">\n\t\t\t\t<div class=\"elementor-widget-container\">\n\t\t\t\t\t\t\t\t\t<div class=\"elementor-button-wrapper\">\n\t\t\t\t\t<a class=\"elementor-button elementor-button-link elementor-size-md elementor-animation-grow\" href=\"https:\/\/gruppo-happy.it\/fr\/pour-les-entreprises\/\">\n\t\t\t\t\t\t<span class=\"elementor-button-content-wrapper\">\n\t\t\t\t\t\t\t\t\t<span class=\"elementor-button-text\">CONTACTEZ-NOUS<\/span>\n\t\t\t\t\t<\/span>\n\t\t\t\t\t<\/a>\n\t\t\t\t<\/div>\n\t\t\t\t\t\t\t\t<\/div>\n\t\t\t\t<\/div>\n\t\t\t\t\t<\/div>\n\t\t<\/div>\n\t\t\t\t<div class=\"elementor-column elementor-col-50 elementor-inner-column elementor-element elementor-element-833f89d\" data-id=\"833f89d\" data-element_type=\"column\" data-e-type=\"column\">\n\t\t\t<div class=\"elementor-widget-wrap elementor-element-populated\">\n\t\t\t\t\t\t<div class=\"elementor-element elementor-element-68b60d8 elementor-align-left elementor-mobile-align-center elementor-widget elementor-widget-button\" data-id=\"68b60d8\" data-element_type=\"widget\" data-e-type=\"widget\" data-widget_type=\"button.default\">\n\t\t\t\t<div class=\"elementor-widget-container\">\n\t\t\t\t\t\t\t\t\t<div class=\"elementor-button-wrapper\">\n\t\t\t\t\t<a class=\"elementor-button elementor-button-link elementor-size-md elementor-animation-grow\" href=\"https:\/\/www.ipacksrl.it\/\" target=\"_blank\">\n\t\t\t\t\t\t<span class=\"elementor-button-content-wrapper\">\n\t\t\t\t\t\t\t\t\t<span class=\"elementor-button-text\">D\u00e9couvrez www.ipacksrl.it<\/span>\n\t\t\t\t\t<\/span>\n\t\t\t\t\t<\/a>\n\t\t\t\t<\/div>\n\t\t\t\t\t\t\t\t<\/div>\n\t\t\t\t<\/div>\n\t\t\t\t\t<\/div>\n\t\t<\/div>\n\t\t\t\t\t<\/div>\n\t\t<\/section>\n\t\t\t\t\t<\/div>\n\t\t<\/div>\n\t\t\t\t\t<\/div>\n\t\t<\/section>\n\t\t\t\t<\/div>\n\t\t","protected":false},"excerpt":{"rendered":"<p>La barquette innovante, id\u00e9ale pour le conditionnement des aliments sous atmosph\u00e8re protectrice, compos\u00e9e \u00e0 85% de pure cellulose issue de for\u00eats cycliquement renouvel\u00e9es Gr\u00e2ce \u00e0 sa versatilit\u00e9, elle peut \u00eatre utilis\u00e9e sur les machines d&#8217;emballage sans aucune modification des moules de soudure La structure renforc\u00e9e de la barquette lui conf\u00e8re un niveau \u00e9lev\u00e9 de rigidit\u00e9, [&hellip;]<\/p>\n","protected":false},"author":127,"featured_media":0,"parent":0,"menu_order":0,"comment_status":"closed","ping_status":"closed","template":"","meta":{"_acf_changed":false,"footnotes":""},"class_list":["post-4452","page","type-page","status-publish","hentry"],"acf":[],"aioseo_notices":[],"_links":{"self":[{"href":"https:\/\/gruppo-happy.it\/fr\/wp-json\/wp\/v2\/pages\/4452","targetHints":{"allow":["GET"]}}],"collection":[{"href":"https:\/\/gruppo-happy.it\/fr\/wp-json\/wp\/v2\/pages"}],"about":[{"href":"https:\/\/gruppo-happy.it\/fr\/wp-json\/wp\/v2\/types\/page"}],"author":[{"embeddable":true,"href":"https:\/\/gruppo-happy.it\/fr\/wp-json\/wp\/v2\/users\/127"}],"replies":[{"embeddable":true,"href":"https:\/\/gruppo-happy.it\/fr\/wp-json\/wp\/v2\/comments?post=4452"}],"version-history":[{"count":36,"href":"https:\/\/gruppo-happy.it\/fr\/wp-json\/wp\/v2\/pages\/4452\/revisions"}],"predecessor-version":[{"id":14043,"href":"https:\/\/gruppo-happy.it\/fr\/wp-json\/wp\/v2\/pages\/4452\/revisions\/14043"}],"wp:attachment":[{"href":"https:\/\/gruppo-happy.it\/fr\/wp-json\/wp\/v2\/media?parent=4452"}],"curies":[{"name":"wp","href":"https:\/\/api.w.org\/{rel}","templated":true}]}}