{"id":4462,"date":"2022-03-15T09:26:43","date_gmt":"2022-03-15T08:26:43","guid":{"rendered":"https:\/\/gruppo-happy.it\/le-choix-durable\/"},"modified":"2023-12-29T17:03:47","modified_gmt":"2023-12-29T16:03:47","slug":"le-choix-durable","status":"publish","type":"page","link":"https:\/\/gruppo-happy.it\/fr\/le-choix-durable\/","title":{"rendered":"Le choix durable"},"content":{"rendered":"\t\t<div data-elementor-type=\"wp-page\" data-elementor-id=\"4462\" class=\"elementor elementor-4462 elementor-45\" data-elementor-post-type=\"page\">\n\t\t\t\t\t\t<section class=\"elementor-section elementor-top-section elementor-element elementor-element-6c62121b elementor-section-height-min-height elementor-section-boxed elementor-section-height-default elementor-section-items-middle\" data-id=\"6c62121b\" data-element_type=\"section\" data-e-type=\"section\" data-settings=\"{&quot;background_background&quot;:&quot;video&quot;,&quot;background_video_link&quot;:&quot;https:\\\/\\\/www.youtube.com\\\/embed\\\/_EHzFd3CHEA?controls=0&amp;rel=0&amp;playsinline=1&amp;enablejsapi=1&amp;origin=https%3A%2F%2Fhappyitsgood.it&amp;widgetid=1&quot;,&quot;background_play_on_mobile&quot;:&quot;yes&quot;}\">\n\t\t\t\t\t\t\t\t<div class=\"elementor-background-video-container\">\n\t\t\t\t\t\t\t\t\t\t\t\t\t<div class=\"elementor-background-video-embed\" role=\"presentation\"><\/div>\n\t\t\t\t\t\t\t\t\t\t\t\t<\/div>\n\t\t\t\t\t\t\t\t\t<div class=\"elementor-background-overlay\"><\/div>\n\t\t\t\t\t\t\t<div class=\"elementor-container elementor-column-gap-default\">\n\t\t\t\t\t<div class=\"elementor-column elementor-col-50 elementor-top-column elementor-element elementor-element-6a52223b\" data-id=\"6a52223b\" data-element_type=\"column\" data-e-type=\"column\">\n\t\t\t<div class=\"elementor-widget-wrap elementor-element-populated\">\n\t\t\t\t\t\t<div class=\"elementor-element elementor-element-15869589 elementor-widget elementor-widget-heading\" data-id=\"15869589\" data-element_type=\"widget\" data-e-type=\"widget\" data-widget_type=\"heading.default\">\n\t\t\t\t<div class=\"elementor-widget-container\">\n\t\t\t\t\t<h1 class=\"elementor-heading-title elementor-size-default\">Le choix durable<\/h1>\t\t\t\t<\/div>\n\t\t\t\t<\/div>\n\t\t\t\t\t<\/div>\n\t\t<\/div>\n\t\t\t\t<div class=\"elementor-column elementor-col-50 elementor-top-column elementor-element elementor-element-d0634da\" data-id=\"d0634da\" data-element_type=\"column\" data-e-type=\"column\">\n\t\t\t<div class=\"elementor-widget-wrap elementor-element-populated\">\n\t\t\t\t\t\t\t<\/div>\n\t\t<\/div>\n\t\t\t\t\t<\/div>\n\t\t<\/section>\n\t\t\t\t<section class=\"elementor-section elementor-top-section elementor-element elementor-element-3ea7a243 elementor-section-full_width elementor-reverse-mobile elementor-section-height-default elementor-section-height-default\" data-id=\"3ea7a243\" data-element_type=\"section\" data-e-type=\"section\">\n\t\t\t\t\t\t<div class=\"elementor-container elementor-column-gap-default\">\n\t\t\t\t\t<div class=\"elementor-column elementor-col-50 elementor-top-column elementor-element elementor-element-36425ae5\" data-id=\"36425ae5\" data-element_type=\"column\" data-e-type=\"column\" data-settings=\"{&quot;background_background&quot;:&quot;gradient&quot;}\">\n\t\t\t<div class=\"elementor-widget-wrap elementor-element-populated\">\n\t\t\t\t\t\t<div class=\"elementor-element elementor-element-5e866adf elementor-widget elementor-widget-heading\" data-id=\"5e866adf\" data-element_type=\"widget\" data-e-type=\"widget\" data-widget_type=\"heading.default\">\n\t\t\t\t<div class=\"elementor-widget-container\">\n\t\t\t\t\t<h2 class=\"elementor-heading-title elementor-size-default\">\" Le d\u00e9veloppement durable est un concept qui permet \u00e0 la g\u00e9n\u00e9ration actuelle de satisfaire ses besoins sans compromettre la capacit\u00e9 des g\u00e9n\u00e9rations futures \u00e0 satisfaire les leurs...\"<\/h2>\t\t\t\t<\/div>\n\t\t\t\t<\/div>\n\t\t\t\t<div class=\"elementor-element elementor-element-514abb1 elementor-widget elementor-widget-heading\" data-id=\"514abb1\" data-element_type=\"widget\" data-e-type=\"widget\" data-widget_type=\"heading.default\">\n\t\t\t\t<div class=\"elementor-widget-container\">\n\t\t\t\t\t<h2 class=\"elementor-heading-title elementor-size-default\">Gro Harlem Brundtland, \u201cOur Common Future (Brundtland Report)\u201d, 1987<\/h2>\t\t\t\t<\/div>\n\t\t\t\t<\/div>\n\t\t\t\t\t<\/div>\n\t\t<\/div>\n\t\t\t\t<div class=\"elementor-column elementor-col-50 elementor-top-column elementor-element elementor-element-650427e8\" data-id=\"650427e8\" data-element_type=\"column\" data-e-type=\"column\" data-settings=\"{&quot;background_background&quot;:&quot;classic&quot;}\">\n\t\t\t<div class=\"elementor-widget-wrap elementor-element-populated\">\n\t\t\t\t\t\t<section class=\"elementor-section elementor-inner-section elementor-element elementor-element-e610c19 elementor-section-height-min-height elementor-section-boxed elementor-section-height-default\" data-id=\"e610c19\" data-element_type=\"section\" data-e-type=\"section\">\n\t\t\t\t\t\t<div class=\"elementor-container elementor-column-gap-default\">\n\t\t\t\t\t<div class=\"elementor-column elementor-col-50 elementor-inner-column elementor-element elementor-element-25885b07\" data-id=\"25885b07\" data-element_type=\"column\" data-e-type=\"column\">\n\t\t\t<div class=\"elementor-widget-wrap\">\n\t\t\t\t\t\t\t<\/div>\n\t\t<\/div>\n\t\t\t\t<div class=\"elementor-column elementor-col-50 elementor-inner-column elementor-element elementor-element-26c2fb4c\" data-id=\"26c2fb4c\" data-element_type=\"column\" data-e-type=\"column\">\n\t\t\t<div class=\"elementor-widget-wrap\">\n\t\t\t\t\t\t\t<\/div>\n\t\t<\/div>\n\t\t\t\t\t<\/div>\n\t\t<\/section>\n\t\t\t\t\t<\/div>\n\t\t<\/div>\n\t\t\t\t\t<\/div>\n\t\t<\/section>\n\t\t\t\t<section class=\"elementor-section elementor-top-section elementor-element elementor-element-23b5e4f5 elementor-section-height-min-height elementor-section-boxed elementor-section-height-default elementor-section-items-middle\" data-id=\"23b5e4f5\" data-element_type=\"section\" data-e-type=\"section\">\n\t\t\t\t\t\t<div class=\"elementor-container elementor-column-gap-default\">\n\t\t\t\t\t<div class=\"elementor-column elementor-col-100 elementor-top-column elementor-element elementor-element-5e0a03ff\" data-id=\"5e0a03ff\" data-element_type=\"column\" data-e-type=\"column\">\n\t\t\t<div class=\"elementor-widget-wrap elementor-element-populated\">\n\t\t\t\t\t\t<div class=\"elementor-element elementor-element-d462a7e elementor-widget elementor-widget-text-editor\" data-id=\"d462a7e\" data-element_type=\"widget\" data-e-type=\"widget\" data-widget_type=\"text-editor.default\">\n\t\t\t\t<div class=\"elementor-widget-container\">\n\t\t\t\t\t\t\t\t\t<p class=\"p1\">La durabilit\u00e9 est ainsi d\u00e9finie comme le r\u00e9sultat de l&rsquo;intersection des trois \u00e9l\u00e9ments: la\u00a0<b>durabilit\u00e9 \u00e9conomique<\/b>, d\u00e9finie comme la capacit\u00e9 \u00e0 g\u00e9n\u00e9rer des revenus et du travail, la <b>durabilit\u00e9 sociale<\/b>, d\u00e9finie comme la capacit\u00e9 \u00e0 garantir les conditions du bien-\u00eatre humain, et la <b>durabilit\u00e9 environnementale<\/b>, d\u00e9finie comme la capacit\u00e9 \u00e0 pr\u00e9server des ressources naturelles de qualit\u00e9 et reproduisibles, ce qui correspond au principe du d\u00e9veloppement durable.<\/p><p class=\"p1\">Le <strong>d\u00e9veloppement durable<\/strong> pour le Groupe Happy est le r\u00e9sultat d&rsquo;un mod\u00e8le d&rsquo;entreprise qui cr\u00e9e de la valeur en <strong>r\u00e9duisant l&rsquo;impact sur l&rsquo;environnement<\/strong> et en <strong>accroissant les b\u00e9n\u00e9fices pour ses parties prenantes et la communaut\u00e9 dans son ensemble.<\/strong><\/p><p class=\"p1\">La <strong>durabilit\u00e9<\/strong> <strong>ne peut donc \u00eatre atteinte que par le biais de la durabilit\u00e9 de l&rsquo;ensemble de la cha\u00eene d&rsquo;approvisionnement<\/strong>, de la production de l&#8217;emballage \u00e0 son utilisation au sein de l&rsquo;industrie alimentaire et dans la grande distribution, en contribuant \u00e0 la s\u00e9curit\u00e9 alimentaire, en am\u00e9liorant la qualit\u00e9 de vie des consommateurs et en aidant \u00e0 r\u00e9duire les d\u00e9chets alimentaires.<\/p>\t\t\t\t\t\t\t\t<\/div>\n\t\t\t\t<\/div>\n\t\t\t\t<div class=\"elementor-element elementor-element-b3ea5e7 elementor-widget elementor-widget-image\" data-id=\"b3ea5e7\" data-element_type=\"widget\" data-e-type=\"widget\" data-widget_type=\"image.default\">\n\t\t\t\t<div class=\"elementor-widget-container\">\n\t\t\t\t\t\t\t\t\t\t\t\t\t\t\t<img fetchpriority=\"high\" decoding=\"async\" width=\"512\" height=\"435\" src=\"https:\/\/gruppo-happy.it\/wp-content\/uploads\/2022\/06\/fr_la_scelta_sostenibile.jpg\" class=\"attachment-large size-large wp-image-4712\" alt=\"\" srcset=\"https:\/\/gruppo-happy.it\/wp-content\/uploads\/2022\/06\/fr_la_scelta_sostenibile.jpg 512w, https:\/\/gruppo-happy.it\/wp-content\/uploads\/2022\/06\/fr_la_scelta_sostenibile-300x255.jpg 300w\" sizes=\"(max-width: 512px) 100vw, 512px\" title=\"fr_la_scelta_sostenibile | Gruppo Happy\" \/>\t\t\t\t\t\t\t\t\t\t\t\t\t\t\t<\/div>\n\t\t\t\t<\/div>\n\t\t\t\t\t<\/div>\n\t\t<\/div>\n\t\t\t\t\t<\/div>\n\t\t<\/section>\n\t\t\t\t<section class=\"elementor-section elementor-top-section elementor-element elementor-element-5feb2a5 elementor-section-boxed elementor-section-height-default elementor-section-height-default\" data-id=\"5feb2a5\" data-element_type=\"section\" data-e-type=\"section\" data-settings=\"{&quot;background_background&quot;:&quot;classic&quot;}\">\n\t\t\t\t\t\t<div class=\"elementor-container elementor-column-gap-default\">\n\t\t\t\t\t<div class=\"elementor-column elementor-col-50 elementor-top-column elementor-element elementor-element-a5a0832\" data-id=\"a5a0832\" data-element_type=\"column\" data-e-type=\"column\">\n\t\t\t<div class=\"elementor-widget-wrap elementor-element-populated\">\n\t\t\t\t\t\t<div class=\"elementor-element elementor-element-37881f9 elementor-widget elementor-widget-heading\" data-id=\"37881f9\" data-element_type=\"widget\" data-e-type=\"widget\" data-widget_type=\"heading.default\">\n\t\t\t\t<div class=\"elementor-widget-container\">\n\t\t\t\t\t<h2 class=\"elementor-heading-title elementor-size-default\">La durabilit\u00e9 dans l'emballage<\/h2>\t\t\t\t<\/div>\n\t\t\t\t<\/div>\n\t\t\t\t\t<\/div>\n\t\t<\/div>\n\t\t\t\t<div class=\"elementor-column elementor-col-50 elementor-top-column elementor-element elementor-element-45014da\" data-id=\"45014da\" data-element_type=\"column\" data-e-type=\"column\">\n\t\t\t<div class=\"elementor-widget-wrap elementor-element-populated\">\n\t\t\t\t\t\t<div class=\"elementor-element elementor-element-e976093 elementor-widget elementor-widget-image\" data-id=\"e976093\" data-element_type=\"widget\" data-e-type=\"widget\" data-widget_type=\"image.default\">\n\t\t\t\t<div class=\"elementor-widget-container\">\n\t\t\t\t\t\t\t\t\t\t\t\t\t\t\t<img decoding=\"async\" src=\"https:\/\/gruppo-happy.bitdesign.it\/wp-content\/uploads\/2022\/03\/logo_gruppo-1.png\" title=\"\" alt=\"\" loading=\"lazy\" \/>\t\t\t\t\t\t\t\t\t\t\t\t\t\t\t<\/div>\n\t\t\t\t<\/div>\n\t\t\t\t\t<\/div>\n\t\t<\/div>\n\t\t\t\t\t<\/div>\n\t\t<\/section>\n\t\t\t\t<section class=\"elementor-section elementor-top-section elementor-element elementor-element-a46ea61 elementor-section-boxed elementor-section-height-default elementor-section-height-default\" data-id=\"a46ea61\" data-element_type=\"section\" data-e-type=\"section\" data-settings=\"{&quot;background_background&quot;:&quot;classic&quot;}\">\n\t\t\t\t\t\t<div class=\"elementor-container elementor-column-gap-default\">\n\t\t\t\t\t<div class=\"elementor-column elementor-col-100 elementor-top-column elementor-element elementor-element-5d859b8\" data-id=\"5d859b8\" data-element_type=\"column\" data-e-type=\"column\">\n\t\t\t<div class=\"elementor-widget-wrap elementor-element-populated\">\n\t\t\t\t\t\t<div class=\"elementor-element elementor-element-5b69ca6 elementor-widget elementor-widget-heading\" data-id=\"5b69ca6\" data-element_type=\"widget\" data-e-type=\"widget\" data-widget_type=\"heading.default\">\n\t\t\t\t<div class=\"elementor-widget-container\">\n\t\t\t\t\t<h2 class=\"elementor-heading-title elementor-size-default\">Un bon emballage est d\u00e9j\u00e0 durable par lui-m\u00eame, car les co\u00fbts environnementaux de sa production sont bien inf\u00e9rieurs \u00e0 ceux qui r\u00e9sulteraient de la perte d'aliments en cas d'emballage inappropri\u00e9 ou m\u00eame d'absence d'emballage<\/h2>\t\t\t\t<\/div>\n\t\t\t\t<\/div>\n\t\t\t\t<div class=\"elementor-element elementor-element-000f95f elementor-widget elementor-widget-text-editor\" data-id=\"000f95f\" data-element_type=\"widget\" data-e-type=\"widget\" data-widget_type=\"text-editor.default\">\n\t\t\t\t<div class=\"elementor-widget-container\">\n\t\t\t\t\t\t\t\t\t<p class=\"p1\">La mission du groupe Happy est donc de rendre <strong>emballages de plus en plus DURABLES, RECYCLABLES et CIRCULAIRES.<\/strong> Depuis nombreuses ann\u00e9es nous travaillons sur l\u2019<strong>\u00e9coconception<\/strong> de nos produits en <strong>r\u00e9duisant leur impacte<\/strong> en poids et en incorporant de la mati\u00e8re recycl\u00e9e avec le but de leur assurer un <strong>cycle de vie tendant all\u2019infini.<\/strong><span class=\"Apple-converted-space\"> <\/span><\/p><p class=\"p1\">Mais cela ne suffit pas, notre mission et celle de <strong>pr\u00e9server l\u2019environnement et les personnes<\/strong> <strong>en visant \u00e0 ce que l\u2019une ne nuise pas \u00e0 l\u2019autre<\/strong> et en m\u00e8me temps nous collaborons avec les acteurs Europ\u00e9ens des fili\u00e8res de collecte et de recyclage des emballages en plastique sur les objectifs de l\u2019<strong>\u00e9conomie circulaire<\/strong>.<span class=\"Apple-converted-space\"> <\/span><\/p>\t\t\t\t\t\t\t\t<\/div>\n\t\t\t\t<\/div>\n\t\t\t\t\t<\/div>\n\t\t<\/div>\n\t\t\t\t\t<\/div>\n\t\t<\/section>\n\t\t\t\t<section class=\"elementor-section elementor-top-section elementor-element elementor-element-8b08c28 elementor-section-full_width elementor-reverse-mobile elementor-section-height-default elementor-section-height-default\" data-id=\"8b08c28\" data-element_type=\"section\" data-e-type=\"section\">\n\t\t\t\t\t\t<div class=\"elementor-container elementor-column-gap-default\">\n\t\t\t\t\t<div class=\"elementor-column elementor-col-50 elementor-top-column elementor-element elementor-element-350c637\" data-id=\"350c637\" data-element_type=\"column\" data-e-type=\"column\" data-settings=\"{&quot;background_background&quot;:&quot;gradient&quot;}\">\n\t\t\t<div class=\"elementor-widget-wrap elementor-element-populated\">\n\t\t\t\t\t\t<div class=\"elementor-element elementor-element-53d58bd elementor-widget elementor-widget-heading\" data-id=\"53d58bd\" data-element_type=\"widget\" data-e-type=\"widget\" data-widget_type=\"heading.default\">\n\t\t\t\t<div class=\"elementor-widget-container\">\n\t\t\t\t\t<h2 class=\"elementor-heading-title elementor-size-default\"><i>\"Un bon emballage n'a jamais transform\u00e9 un mauvais produit en un bon produit, mais un mauvais emballage peut transformer un bon produit en un mauvais produit.\"<\/i><\/h2>\t\t\t\t<\/div>\n\t\t\t\t<\/div>\n\t\t\t\t<div class=\"elementor-element elementor-element-9119d8f elementor-widget elementor-widget-heading\" data-id=\"9119d8f\" data-element_type=\"widget\" data-e-type=\"widget\" data-widget_type=\"heading.default\">\n\t\t\t\t<div class=\"elementor-widget-container\">\n\t\t\t\t\t<h2 class=\"elementor-heading-title elementor-size-default\">Bruno Munari, 1907-1998<\/h2>\t\t\t\t<\/div>\n\t\t\t\t<\/div>\n\t\t\t\t\t<\/div>\n\t\t<\/div>\n\t\t\t\t<div class=\"elementor-column elementor-col-50 elementor-top-column elementor-element elementor-element-32f9eea\" data-id=\"32f9eea\" data-element_type=\"column\" data-e-type=\"column\" data-settings=\"{&quot;background_background&quot;:&quot;classic&quot;}\">\n\t\t\t<div class=\"elementor-widget-wrap elementor-element-populated\">\n\t\t\t\t\t\t<section class=\"elementor-section elementor-inner-section elementor-element elementor-element-79f6523 elementor-section-height-min-height elementor-section-boxed elementor-section-height-default\" data-id=\"79f6523\" data-element_type=\"section\" data-e-type=\"section\">\n\t\t\t\t\t\t<div class=\"elementor-container elementor-column-gap-default\">\n\t\t\t\t\t<div class=\"elementor-column elementor-col-50 elementor-inner-column elementor-element elementor-element-b0b5e1f\" data-id=\"b0b5e1f\" data-element_type=\"column\" data-e-type=\"column\">\n\t\t\t<div class=\"elementor-widget-wrap\">\n\t\t\t\t\t\t\t<\/div>\n\t\t<\/div>\n\t\t\t\t<div class=\"elementor-column elementor-col-50 elementor-inner-column elementor-element elementor-element-848a069\" data-id=\"848a069\" data-element_type=\"column\" data-e-type=\"column\">\n\t\t\t<div class=\"elementor-widget-wrap\">\n\t\t\t\t\t\t\t<\/div>\n\t\t<\/div>\n\t\t\t\t\t<\/div>\n\t\t<\/section>\n\t\t\t\t\t<\/div>\n\t\t<\/div>\n\t\t\t\t\t<\/div>\n\t\t<\/section>\n\t\t\t\t<\/div>\n\t\t","protected":false},"excerpt":{"rendered":"<p>\u00a0\u00bb Le d\u00e9veloppement durable est un concept qui permet \u00e0 la g\u00e9n\u00e9ration actuelle de satisfaire ses besoins sans compromettre la capacit\u00e9 des g\u00e9n\u00e9rations futures \u00e0 satisfaire les leurs&#8230;\u00a0\u00bb Gro Harlem Brundtland, \u201cOur Common Future (Brundtland Report)\u201d, 1987 La durabilit\u00e9 est ainsi d\u00e9finie comme le r\u00e9sultat de l&rsquo;intersection des trois \u00e9l\u00e9ments: la\u00a0durabilit\u00e9 \u00e9conomique, d\u00e9finie comme la [&hellip;]<\/p>\n","protected":false},"author":127,"featured_media":0,"parent":0,"menu_order":0,"comment_status":"closed","ping_status":"closed","template":"","meta":{"_acf_changed":false,"footnotes":""},"class_list":["post-4462","page","type-page","status-publish","hentry"],"acf":[],"aioseo_notices":[],"_links":{"self":[{"href":"https:\/\/gruppo-happy.it\/fr\/wp-json\/wp\/v2\/pages\/4462","targetHints":{"allow":["GET"]}}],"collection":[{"href":"https:\/\/gruppo-happy.it\/fr\/wp-json\/wp\/v2\/pages"}],"about":[{"href":"https:\/\/gruppo-happy.it\/fr\/wp-json\/wp\/v2\/types\/page"}],"author":[{"embeddable":true,"href":"https:\/\/gruppo-happy.it\/fr\/wp-json\/wp\/v2\/users\/127"}],"replies":[{"embeddable":true,"href":"https:\/\/gruppo-happy.it\/fr\/wp-json\/wp\/v2\/comments?post=4462"}],"version-history":[{"count":22,"href":"https:\/\/gruppo-happy.it\/fr\/wp-json\/wp\/v2\/pages\/4462\/revisions"}],"predecessor-version":[{"id":13986,"href":"https:\/\/gruppo-happy.it\/fr\/wp-json\/wp\/v2\/pages\/4462\/revisions\/13986"}],"wp:attachment":[{"href":"https:\/\/gruppo-happy.it\/fr\/wp-json\/wp\/v2\/media?parent=4462"}],"curies":[{"name":"wp","href":"https:\/\/api.w.org\/{rel}","templated":true}]}}