{"id":4522,"date":"2022-03-15T09:28:36","date_gmt":"2022-03-15T08:28:36","guid":{"rendered":"https:\/\/gruppo-happy.it\/r-xps\/"},"modified":"2023-12-29T17:18:17","modified_gmt":"2023-12-29T16:18:17","slug":"r-xps","status":"publish","type":"page","link":"https:\/\/gruppo-happy.it\/fr\/r-xps\/","title":{"rendered":"r-XPS"},"content":{"rendered":"\t\t<div data-elementor-type=\"wp-page\" data-elementor-id=\"4522\" class=\"elementor elementor-4522 elementor-51\" data-elementor-post-type=\"page\">\n\t\t\t\t\t\t<section class=\"elementor-section elementor-top-section elementor-element elementor-element-dc95bfa elementor-section-boxed elementor-section-height-default elementor-section-height-default\" data-id=\"dc95bfa\" data-element_type=\"section\" data-e-type=\"section\" data-settings=\"{&quot;background_background&quot;:&quot;classic&quot;}\">\n\t\t\t\t\t\t\t<div class=\"elementor-background-overlay\"><\/div>\n\t\t\t\t\t\t\t<div class=\"elementor-container elementor-column-gap-default\">\n\t\t\t\t\t<div class=\"elementor-column elementor-col-50 elementor-top-column elementor-element elementor-element-6b774c00\" data-id=\"6b774c00\" data-element_type=\"column\" data-e-type=\"column\">\n\t\t\t<div class=\"elementor-widget-wrap elementor-element-populated\">\n\t\t\t\t\t\t<div class=\"elementor-element elementor-element-7def9ae elementor-widget elementor-widget-image\" data-id=\"7def9ae\" data-element_type=\"widget\" data-e-type=\"widget\" data-widget_type=\"image.default\">\n\t\t\t\t<div class=\"elementor-widget-container\">\n\t\t\t\t\t\t\t\t\t\t\t\t\t\t\t<img fetchpriority=\"high\" decoding=\"async\" width=\"800\" height=\"391\" src=\"https:\/\/gruppo-happy.it\/wp-content\/uploads\/2022\/03\/vaschetta_logo.png\" class=\"attachment-large size-large wp-image-2192\" alt=\"\" srcset=\"https:\/\/gruppo-happy.it\/wp-content\/uploads\/2022\/03\/vaschetta_logo.png 983w, https:\/\/gruppo-happy.it\/wp-content\/uploads\/2022\/03\/vaschetta_logo-300x147.png 300w, https:\/\/gruppo-happy.it\/wp-content\/uploads\/2022\/03\/vaschetta_logo-768x376.png 768w\" sizes=\"(max-width: 800px) 100vw, 800px\" title=\"vaschetta_logo | Gruppo Happy\" \/>\t\t\t\t\t\t\t\t\t\t\t\t\t\t\t<\/div>\n\t\t\t\t<\/div>\n\t\t\t\t<div class=\"elementor-element elementor-element-6f0d825b elementor-widget elementor-widget-heading\" data-id=\"6f0d825b\" data-element_type=\"widget\" data-e-type=\"widget\" data-widget_type=\"heading.default\">\n\t\t\t\t<div class=\"elementor-widget-container\">\n\t\t\t\t\t<h1 class=\"elementor-heading-title elementor-size-default\">La premi\u00e8re barquette<br>en polystyr\u00e8ne expans\u00e9<br>qui contient jusqu'\u00e0 50% de <br>mati\u00e8res recycl\u00e9es post consommation.<\/h1>\t\t\t\t<\/div>\n\t\t\t\t<\/div>\n\t\t\t\t\t<\/div>\n\t\t<\/div>\n\t\t\t\t<div class=\"elementor-column elementor-col-50 elementor-top-column elementor-element elementor-element-3e137b84\" data-id=\"3e137b84\" data-element_type=\"column\" data-e-type=\"column\">\n\t\t\t<div class=\"elementor-widget-wrap elementor-element-populated\">\n\t\t\t\t\t\t<div class=\"elementor-element elementor-element-ca0664d elementor-widget elementor-widget-image\" data-id=\"ca0664d\" data-element_type=\"widget\" data-e-type=\"widget\" data-widget_type=\"image.default\">\n\t\t\t\t<div class=\"elementor-widget-container\">\n\t\t\t\t\t\t\t\t\t\t\t\t\t\t\t<img decoding=\"async\" width=\"800\" height=\"541\" src=\"https:\/\/gruppo-happy.it\/wp-content\/uploads\/2022\/05\/rxps-3-copia-1024x693.png\" class=\"attachment-large size-large wp-image-3440\" alt=\"\" srcset=\"https:\/\/gruppo-happy.it\/wp-content\/uploads\/2022\/05\/rxps-3-copia-1024x693.png 1024w, https:\/\/gruppo-happy.it\/wp-content\/uploads\/2022\/05\/rxps-3-copia-300x203.png 300w, https:\/\/gruppo-happy.it\/wp-content\/uploads\/2022\/05\/rxps-3-copia-768x519.png 768w, https:\/\/gruppo-happy.it\/wp-content\/uploads\/2022\/05\/rxps-3-copia.png 1140w\" sizes=\"(max-width: 800px) 100vw, 800px\" title=\"rxps-3 copia | Gruppo Happy\" \/>\t\t\t\t\t\t\t\t\t\t\t\t\t\t\t<\/div>\n\t\t\t\t<\/div>\n\t\t\t\t\t<\/div>\n\t\t<\/div>\n\t\t\t\t\t<\/div>\n\t\t<\/section>\n\t\t\t\t<section class=\"elementor-section elementor-top-section elementor-element elementor-element-7a957359 elementor-section-full_width elementor-reverse-mobile elementor-reverse-tablet elementor-section-height-default elementor-section-height-default\" data-id=\"7a957359\" data-element_type=\"section\" data-e-type=\"section\">\n\t\t\t\t\t\t<div class=\"elementor-container elementor-column-gap-default\">\n\t\t\t\t\t<div class=\"elementor-column elementor-col-50 elementor-top-column elementor-element elementor-element-6d0664f8\" data-id=\"6d0664f8\" data-element_type=\"column\" data-e-type=\"column\" data-settings=\"{&quot;background_background&quot;:&quot;classic&quot;}\">\n\t\t\t<div class=\"elementor-widget-wrap elementor-element-populated\">\n\t\t\t\t\t\t<section class=\"elementor-section elementor-inner-section elementor-element elementor-element-154a4888 elementor-section-height-min-height elementor-section-boxed elementor-section-height-default\" data-id=\"154a4888\" data-element_type=\"section\" data-e-type=\"section\">\n\t\t\t\t\t\t<div class=\"elementor-container elementor-column-gap-default\">\n\t\t\t\t\t<div class=\"elementor-column elementor-col-50 elementor-inner-column elementor-element elementor-element-3fe9056f\" data-id=\"3fe9056f\" data-element_type=\"column\" data-e-type=\"column\">\n\t\t\t<div class=\"elementor-widget-wrap\">\n\t\t\t\t\t\t\t<\/div>\n\t\t<\/div>\n\t\t\t\t<div class=\"elementor-column elementor-col-50 elementor-inner-column elementor-element elementor-element-3e76bb92\" data-id=\"3e76bb92\" data-element_type=\"column\" data-e-type=\"column\">\n\t\t\t<div class=\"elementor-widget-wrap\">\n\t\t\t\t\t\t\t<\/div>\n\t\t<\/div>\n\t\t\t\t\t<\/div>\n\t\t<\/section>\n\t\t\t\t\t<\/div>\n\t\t<\/div>\n\t\t\t\t<div class=\"elementor-column elementor-col-50 elementor-top-column elementor-element elementor-element-15928efc\" data-id=\"15928efc\" data-element_type=\"column\" data-e-type=\"column\" data-settings=\"{&quot;background_background&quot;:&quot;gradient&quot;}\">\n\t\t\t<div class=\"elementor-widget-wrap elementor-element-populated\">\n\t\t\t\t\t\t<div class=\"elementor-element elementor-element-511115b elementor-widget elementor-widget-heading\" data-id=\"511115b\" data-element_type=\"widget\" data-e-type=\"widget\" data-widget_type=\"heading.default\">\n\t\t\t\t<div class=\"elementor-widget-container\">\n\t\t\t\t\t<h2 class=\"elementor-heading-title elementor-size-default\">La meilleure solution<br>d'emballages en termes de<br>S\u00c9CURIT\u00c9 ALIMENTAIRE, FONCTIONNALIT\u00c9, DURABILIT\u00c9 et CIRCULARIT\u00c9<\/h2>\t\t\t\t<\/div>\n\t\t\t\t<\/div>\n\t\t\t\t\t<\/div>\n\t\t<\/div>\n\t\t\t\t\t<\/div>\n\t\t<\/section>\n\t\t\t\t<section class=\"elementor-section elementor-top-section elementor-element elementor-element-3ca7efac elementor-section-height-min-height elementor-section-boxed elementor-section-height-default elementor-section-items-middle\" data-id=\"3ca7efac\" data-element_type=\"section\" data-e-type=\"section\">\n\t\t\t\t\t\t<div class=\"elementor-container elementor-column-gap-default\">\n\t\t\t\t\t<div class=\"elementor-column elementor-col-100 elementor-top-column elementor-element elementor-element-1b5a5fc5\" data-id=\"1b5a5fc5\" data-element_type=\"column\" data-e-type=\"column\">\n\t\t\t<div class=\"elementor-widget-wrap elementor-element-populated\">\n\t\t\t\t\t\t<div class=\"elementor-element elementor-element-1842ce79 elementor-widget elementor-widget-text-editor\" data-id=\"1842ce79\" data-element_type=\"widget\" data-e-type=\"widget\" data-widget_type=\"text-editor.default\">\n\t\t\t\t<div class=\"elementor-widget-container\">\n\t\t\t\t\t\t\t\t\t<p class=\"p1\">Les barquettes&nbsp;<strong>XPS<\/strong> sont une solution d&#8217;emballage alimentaire qui <strong>accompagne le d\u00e9veloppement de l&rsquo;industrie alimentaire et de la distribution moderne italienne et europ\u00e9enne<\/strong> <strong>depuis plus de 50 ans.<\/strong><\/p>\n<p class=\"p1\">De tous les emballages alimentaires, <strong>il pr\u00e9sente le meilleur profil environnemental<\/strong>, <strong>parce qu&rsquo;il utilise jusqu&rsquo;\u00e0 50 % de mati\u00e8res premi\u00e8res en moins<\/strong>. Il pr\u00e9sente d&rsquo;excellentes caract\u00e9ristiques fonctionnelles, <strong>de l\u00e9g\u00e8ret\u00e9, de rigidit\u00e9, de conditionnement<\/strong>, et l&rsquo;une des meilleures caract\u00e9ristiques de <strong>recyclabilit\u00e9<\/strong> du polym\u00e8re.<\/p>\n<p class=\"p1\">Aujourd&rsquo;hui, la barquette <strong>r-XPS est encore plus durable, recyclable et circulaire.<\/strong> Une premi\u00e8re en Europe, qui r\u00e9compense l&rsquo;effort conjoint du Gruppo Happy et des entreprises PRO FOOD &#8211; UNIONPLAST en collaboration avec COREPLA, ENI VERSALIS et FOREVER PLAST.<\/p>\n<p>Un <span style=\"color: #339966;\"><b>PROJET D&rsquo;\u00c9CO-CONCEPTION<\/b><\/span> qui a abouti \u00e0 un r\u00e9sultat extraordinairement important, conforme aux principes fondamentaux de l&rsquo;<span style=\"color: #339966;\"><b>\u00c9CONOMIE VERTE<\/b><\/span> et aux nouvelles directives europ\u00e9ennes sur le recyclage et la durabilit\u00e9.&nbsp;<\/p>\t\t\t\t\t\t\t\t<\/div>\n\t\t\t\t<\/div>\n\t\t\t\t<div class=\"elementor-element elementor-element-6d8af0e elementor-widget elementor-widget-image\" data-id=\"6d8af0e\" data-element_type=\"widget\" data-e-type=\"widget\" data-widget_type=\"image.default\">\n\t\t\t\t<div class=\"elementor-widget-container\">\n\t\t\t\t\t\t\t\t\t\t\t\t\t\t\t<img decoding=\"async\" width=\"800\" height=\"267\" src=\"https:\/\/gruppo-happy.it\/wp-content\/uploads\/2022\/03\/loghi.jpg\" class=\"attachment-large size-large wp-image-2222\" alt=\"\" srcset=\"https:\/\/gruppo-happy.it\/wp-content\/uploads\/2022\/03\/loghi.jpg 900w, https:\/\/gruppo-happy.it\/wp-content\/uploads\/2022\/03\/loghi-300x100.jpg 300w, https:\/\/gruppo-happy.it\/wp-content\/uploads\/2022\/03\/loghi-768x256.jpg 768w\" sizes=\"(max-width: 800px) 100vw, 800px\" title=\"loghi | Gruppo Happy\" \/>\t\t\t\t\t\t\t\t\t\t\t\t\t\t\t<\/div>\n\t\t\t\t<\/div>\n\t\t\t\t\t<\/div>\n\t\t<\/div>\n\t\t\t\t\t<\/div>\n\t\t<\/section>\n\t\t\t\t<section class=\"elementor-section elementor-top-section elementor-element elementor-element-1f2bac4 elementor-reverse-tablet elementor-reverse-mobile elementor-section-boxed elementor-section-height-default elementor-section-height-default\" data-id=\"1f2bac4\" data-element_type=\"section\" data-e-type=\"section\" data-settings=\"{&quot;background_background&quot;:&quot;classic&quot;}\">\n\t\t\t\t\t\t<div class=\"elementor-container elementor-column-gap-default\">\n\t\t\t\t\t<div class=\"elementor-column elementor-col-50 elementor-top-column elementor-element elementor-element-d33dda7\" data-id=\"d33dda7\" data-element_type=\"column\" data-e-type=\"column\">\n\t\t\t<div class=\"elementor-widget-wrap elementor-element-populated\">\n\t\t\t\t\t\t<section class=\"elementor-section elementor-inner-section elementor-element elementor-element-e5e2a86 elementor-section-boxed elementor-section-height-default elementor-section-height-default\" data-id=\"e5e2a86\" data-element_type=\"section\" data-e-type=\"section\">\n\t\t\t\t\t\t<div class=\"elementor-container elementor-column-gap-default\">\n\t\t\t\t\t<div class=\"elementor-column elementor-col-100 elementor-inner-column elementor-element elementor-element-47c1983\" data-id=\"47c1983\" data-element_type=\"column\" data-e-type=\"column\">\n\t\t\t<div class=\"elementor-widget-wrap elementor-element-populated\">\n\t\t\t\t\t\t<div class=\"elementor-element elementor-element-342716e elementor-widget elementor-widget-heading\" data-id=\"342716e\" data-element_type=\"widget\" data-e-type=\"widget\" data-widget_type=\"heading.default\">\n\t\t\t\t<div class=\"elementor-widget-container\">\n\t\t\t\t\t<h2 class=\"elementor-heading-title elementor-size-default\">Pourquoi choisir le produit r-XPS?<\/h2>\t\t\t\t<\/div>\n\t\t\t\t<\/div>\n\t\t\t\t<div class=\"elementor-element elementor-element-6d9dac9 elementor-widget elementor-widget-text-editor\" data-id=\"6d9dac9\" data-element_type=\"widget\" data-e-type=\"widget\" data-widget_type=\"text-editor.default\">\n\t\t\t\t<div class=\"elementor-widget-container\">\n\t\t\t\t\t\t\t\t\t<p>Parce qu&rsquo;il est <strong>DURABLE<\/strong>, contient de la <strong>MATI\u00c8RE POST-CONSOMMATION<\/strong> et est <strong>RECYCLABLE INDEFINIMENT<\/strong>.<\/p><p>En outre, il conserve toutes les caract\u00e9ristiques et tous les avantages des produits XPS classiques :<\/p>\t\t\t\t\t\t\t\t<\/div>\n\t\t\t\t<\/div>\n\t\t\t\t\t<\/div>\n\t\t<\/div>\n\t\t\t\t\t<\/div>\n\t\t<\/section>\n\t\t\t\t<div class=\"elementor-element elementor-element-12da80f elementor-arrows-position-outside elementor--v-position-bottom elementor--h-position-center elementor-widget elementor-widget-slides\" data-id=\"12da80f\" data-element_type=\"widget\" data-e-type=\"widget\" data-settings=\"{&quot;navigation&quot;:&quot;arrows&quot;,&quot;autoplay_speed&quot;:4000,&quot;transition&quot;:&quot;fade&quot;,&quot;transition_speed&quot;:200,&quot;autoplay&quot;:&quot;yes&quot;,&quot;pause_on_hover&quot;:&quot;yes&quot;,&quot;pause_on_interaction&quot;:&quot;yes&quot;,&quot;infinite&quot;:&quot;yes&quot;}\" data-widget_type=\"slides.default\">\n\t\t\t\t<div class=\"elementor-widget-container\">\n\t\t\t\t\t\t\t\t\t<div class=\"elementor-swiper\">\n\t\t\t\t\t<div class=\"elementor-slides-wrapper elementor-main-swiper swiper\" role=\"region\" aria-roledescription=\"carousel\" aria-label=\"Diapositives\" dir=\"ltr\" data-animation=\"fadeInUp\">\n\t\t\t\t<div class=\"swiper-wrapper elementor-slides\">\n\t\t\t\t\t\t\t\t\t\t<div class=\"elementor-repeater-item-cefc47f swiper-slide\" role=\"group\" aria-roledescription=\"slide\"><div class=\"swiper-slide-bg\" role=\"img\" aria-label=\"icona_punto1\"><\/div><div class=\"swiper-slide-inner\" ><div class=\"swiper-slide-contents\"><div class=\"elementor-slide-heading\">S\u00c9CURIT\u00c9 ALIMENTAIRE:<\/div><div class=\"elementor-slide-description\">GARANTIE PAR PLUS DE 50 ANS D'UTILISATION<\/div><\/div><\/div><\/div><div class=\"elementor-repeater-item-5c335d8 swiper-slide\" role=\"group\" aria-roledescription=\"slide\"><div class=\"swiper-slide-bg\" role=\"img\" aria-label=\"icona_punto2\"><\/div><div class=\"swiper-slide-inner\" ><div class=\"swiper-slide-contents\"><div class=\"elementor-slide-heading\">L\u00c9G\u00c8R:<\/div><div class=\"elementor-slide-description\">ENVIRON 50% DE MATI\u00c8RES PREMI\u00c8RES EN MOINS PAR RAPPORT AUX AUTRES SOLUTIONS<\/div><\/div><\/div><\/div><div class=\"elementor-repeater-item-ad05ec9 swiper-slide\" role=\"group\" aria-roledescription=\"slide\"><div class=\"swiper-slide-bg\" role=\"img\" aria-label=\"icona_punto3\"><\/div><div class=\"swiper-slide-inner\" ><div class=\"swiper-slide-contents\"><div class=\"elementor-slide-heading\">PROPRI\u00c9T\u00c9S M\u00c9CANIQUES OPTIMALES:<\/div><div class=\"elementor-slide-description\">EXCELLENTE R\u00c9SISTANCE \u00c0 L'EMBALLAGE<\/div><\/div><\/div><\/div><div class=\"elementor-repeater-item-bc30c53 swiper-slide\" role=\"group\" aria-roledescription=\"slide\"><div class=\"swiper-slide-bg\" role=\"img\" aria-label=\"icona_punto4\"><\/div><div class=\"swiper-slide-inner\" ><div class=\"swiper-slide-contents\"><div class=\"elementor-slide-heading\">VERSATILIT\u00c9:<\/div><div class=\"elementor-slide-description\">GRANDE DISPONIBILIT\u00c9 DE FORMATS ET DE HAUTEURS<\/div><\/div><\/div><\/div><div class=\"elementor-repeater-item-be789d5 swiper-slide\" role=\"group\" aria-roledescription=\"slide\"><div class=\"swiper-slide-bg\" role=\"img\" aria-label=\"icona_punto5\"><\/div><div class=\"swiper-slide-inner\" ><div class=\"swiper-slide-contents\"><div class=\"elementor-slide-heading\">RECYCLABILIT\u00c9:<\/div><div class=\"elementor-slide-description\">FILI\u00c8RE DE RECYCLAGE EN COURS DE D\u00c9VELOPPEMENT<\/div><\/div><\/div><\/div><div class=\"elementor-repeater-item-c76f05a swiper-slide\" role=\"group\" aria-roledescription=\"slide\"><div class=\"swiper-slide-bg\" role=\"img\" aria-label=\"icona_punto6\"><\/div><div class=\"swiper-slide-inner\" ><div class=\"swiper-slide-contents\"><div class=\"elementor-slide-heading\">La durabilit\u00e9 environnementale:<\/div><div class=\"elementor-slide-description\">jusqu'\u00e0 50 % de mat\u00e9riaux recycl\u00e9s post-consommation<\/div><\/div><\/div><\/div>\t\t\t\t<\/div>\n\t\t\t\t\t\t\t\t\t\t\t\t\t\t\t<div class=\"elementor-swiper-button elementor-swiper-button-prev\" role=\"button\" tabindex=\"0\" aria-label=\"Diapositive pr\u00e9c\u00e9dente\">\n\t\t\t\t\t\t\t<i aria-hidden=\"true\" class=\"eicon-chevron-left\"><\/i>\t\t\t\t\t\t<\/div>\n\t\t\t\t\t\t<div class=\"elementor-swiper-button elementor-swiper-button-next\" role=\"button\" tabindex=\"0\" aria-label=\"Diapositive suivante\">\n\t\t\t\t\t\t\t<i aria-hidden=\"true\" class=\"eicon-chevron-right\"><\/i>\t\t\t\t\t\t<\/div>\n\t\t\t\t\t\t\t\t\t\t\t\t\t\t\t\t\t<\/div>\n\t\t\t\t<\/div>\n\t\t\t\t\t\t\t\t<\/div>\n\t\t\t\t<\/div>\n\t\t\t\t\t<\/div>\n\t\t<\/div>\n\t\t\t\t<div class=\"elementor-column elementor-col-50 elementor-top-column elementor-element elementor-element-b78af6a\" data-id=\"b78af6a\" data-element_type=\"column\" data-e-type=\"column\" data-settings=\"{&quot;background_background&quot;:&quot;classic&quot;}\">\n\t\t\t<div class=\"elementor-widget-wrap elementor-element-populated\">\n\t\t\t\t\t\t<div class=\"elementor-element elementor-element-867e257 elementor-widget elementor-widget-spacer\" data-id=\"867e257\" data-element_type=\"widget\" data-e-type=\"widget\" data-widget_type=\"spacer.default\">\n\t\t\t\t<div class=\"elementor-widget-container\">\n\t\t\t\t\t\t\t<div class=\"elementor-spacer\">\n\t\t\t<div class=\"elementor-spacer-inner\"><\/div>\n\t\t<\/div>\n\t\t\t\t\t\t<\/div>\n\t\t\t\t<\/div>\n\t\t\t\t\t<\/div>\n\t\t<\/div>\n\t\t\t\t\t<\/div>\n\t\t<\/section>\n\t\t\t\t<section class=\"elementor-section elementor-top-section elementor-element elementor-element-e3ba758 elementor-section-boxed elementor-section-height-default elementor-section-height-default\" data-id=\"e3ba758\" data-element_type=\"section\" data-e-type=\"section\">\n\t\t\t\t\t\t<div class=\"elementor-container elementor-column-gap-default\">\n\t\t\t\t\t<div class=\"elementor-column elementor-col-100 elementor-top-column elementor-element elementor-element-7f0f0b1\" data-id=\"7f0f0b1\" data-element_type=\"column\" data-e-type=\"column\">\n\t\t\t<div class=\"elementor-widget-wrap elementor-element-populated\">\n\t\t\t\t\t\t<div class=\"elementor-element elementor-element-30bb835 elementor-widget elementor-widget-video\" data-id=\"30bb835\" data-element_type=\"widget\" data-e-type=\"widget\" data-settings=\"{&quot;youtube_url&quot;:&quot;https:\\\/\\\/www.youtube.com\\\/watch?v=wgUseQKUkN8&quot;,&quot;video_type&quot;:&quot;youtube&quot;,&quot;controls&quot;:&quot;yes&quot;}\" data-widget_type=\"video.default\">\n\t\t\t\t<div class=\"elementor-widget-container\">\n\t\t\t\t\t\t\t<div class=\"elementor-wrapper elementor-open-inline\">\n\t\t\t<div class=\"elementor-video\"><\/div>\t\t<\/div>\n\t\t\t\t\t\t<\/div>\n\t\t\t\t<\/div>\n\t\t\t\t\t<\/div>\n\t\t<\/div>\n\t\t\t\t\t<\/div>\n\t\t<\/section>\n\t\t\t\t<section class=\"elementor-section elementor-top-section elementor-element elementor-element-045f795 elementor-section-boxed elementor-section-height-default elementor-section-height-default\" data-id=\"045f795\" data-element_type=\"section\" data-e-type=\"section\">\n\t\t\t\t\t\t<div class=\"elementor-container elementor-column-gap-default\">\n\t\t\t\t\t<div class=\"elementor-column elementor-col-100 elementor-top-column elementor-element elementor-element-4f0402f\" data-id=\"4f0402f\" data-element_type=\"column\" data-e-type=\"column\">\n\t\t\t<div class=\"elementor-widget-wrap elementor-element-populated\">\n\t\t\t\t\t\t<div class=\"elementor-element elementor-element-e9b3893 elementor-widget elementor-widget-image\" data-id=\"e9b3893\" data-element_type=\"widget\" data-e-type=\"widget\" data-widget_type=\"image.default\">\n\t\t\t\t<div class=\"elementor-widget-container\">\n\t\t\t\t\t\t\t\t\t\t\t\t\t\t\t<img loading=\"lazy\" decoding=\"async\" width=\"341\" height=\"124\" src=\"https:\/\/gruppo-happy.it\/wp-content\/uploads\/2022\/03\/rxps.png\" class=\"attachment-large size-large wp-image-2224\" alt=\"\" srcset=\"https:\/\/gruppo-happy.it\/wp-content\/uploads\/2022\/03\/rxps.png 341w, https:\/\/gruppo-happy.it\/wp-content\/uploads\/2022\/03\/rxps-300x109.png 300w\" sizes=\"(max-width: 341px) 100vw, 341px\" title=\"rxps | Gruppo Happy\" \/>\t\t\t\t\t\t\t\t\t\t\t\t\t\t\t<\/div>\n\t\t\t\t<\/div>\n\t\t\t\t<div class=\"elementor-element elementor-element-ba25e9e elementor-widget elementor-widget-heading\" data-id=\"ba25e9e\" data-element_type=\"widget\" data-e-type=\"widget\" data-widget_type=\"heading.default\">\n\t\t\t\t<div class=\"elementor-widget-container\">\n\t\t\t\t\t<h2 class=\"elementor-heading-title elementor-size-default\">Nos experts sont \u00e0 votre disposition.<\/h2>\t\t\t\t<\/div>\n\t\t\t\t<\/div>\n\t\t\t\t<div class=\"elementor-element elementor-element-a79578f elementor-align-center elementor-widget elementor-widget-button\" data-id=\"a79578f\" data-element_type=\"widget\" data-e-type=\"widget\" data-widget_type=\"button.default\">\n\t\t\t\t<div class=\"elementor-widget-container\">\n\t\t\t\t\t\t\t\t\t<div class=\"elementor-button-wrapper\">\n\t\t\t\t\t<a class=\"elementor-button elementor-button-link elementor-size-md elementor-animation-grow\" href=\"https:\/\/gruppo-happy.it\/fr\/pour-les-entreprises\/\">\n\t\t\t\t\t\t<span class=\"elementor-button-content-wrapper\">\n\t\t\t\t\t\t\t\t\t<span class=\"elementor-button-text\">CONTACTEZ-NOUS<\/span>\n\t\t\t\t\t<\/span>\n\t\t\t\t\t<\/a>\n\t\t\t\t<\/div>\n\t\t\t\t\t\t\t\t<\/div>\n\t\t\t\t<\/div>\n\t\t\t\t\t<\/div>\n\t\t<\/div>\n\t\t\t\t\t<\/div>\n\t\t<\/section>\n\t\t\t\t<\/div>\n\t\t","protected":false},"excerpt":{"rendered":"<p>La premi\u00e8re barquetteen polystyr\u00e8ne expans\u00e9qui contient jusqu&rsquo;\u00e0 50% de mati\u00e8res recycl\u00e9es post consommation. La meilleure solutiond&#8217;emballages en termes deS\u00c9CURIT\u00c9 ALIMENTAIRE, FONCTIONNALIT\u00c9, DURABILIT\u00c9 et CIRCULARIT\u00c9 Les barquettes&nbsp;XPS sont une solution d&#8217;emballage alimentaire qui accompagne le d\u00e9veloppement de l&rsquo;industrie alimentaire et de la distribution moderne italienne et europ\u00e9enne depuis plus de 50 ans. De tous les emballages [&hellip;]<\/p>\n","protected":false},"author":127,"featured_media":0,"parent":0,"menu_order":0,"comment_status":"closed","ping_status":"closed","template":"","meta":{"_acf_changed":false,"footnotes":""},"class_list":["post-4522","page","type-page","status-publish","hentry"],"acf":[],"aioseo_notices":[],"_links":{"self":[{"href":"https:\/\/gruppo-happy.it\/fr\/wp-json\/wp\/v2\/pages\/4522","targetHints":{"allow":["GET"]}}],"collection":[{"href":"https:\/\/gruppo-happy.it\/fr\/wp-json\/wp\/v2\/pages"}],"about":[{"href":"https:\/\/gruppo-happy.it\/fr\/wp-json\/wp\/v2\/types\/page"}],"author":[{"embeddable":true,"href":"https:\/\/gruppo-happy.it\/fr\/wp-json\/wp\/v2\/users\/127"}],"replies":[{"embeddable":true,"href":"https:\/\/gruppo-happy.it\/fr\/wp-json\/wp\/v2\/comments?post=4522"}],"version-history":[{"count":38,"href":"https:\/\/gruppo-happy.it\/fr\/wp-json\/wp\/v2\/pages\/4522\/revisions"}],"predecessor-version":[{"id":14037,"href":"https:\/\/gruppo-happy.it\/fr\/wp-json\/wp\/v2\/pages\/4522\/revisions\/14037"}],"wp:attachment":[{"href":"https:\/\/gruppo-happy.it\/fr\/wp-json\/wp\/v2\/media?parent=4522"}],"curies":[{"name":"wp","href":"https:\/\/api.w.org\/{rel}","templated":true}]}}